{"id":840,"date":"2018-12-05T17:20:34","date_gmt":"2018-12-05T17:20:34","guid":{"rendered":"http:\/\/bomonti-hotels.de\/?page_id=840"},"modified":"2023-11-19T15:05:24","modified_gmt":"2023-11-19T15:05:24","slug":"fruehstueck-oberasbach-glutenfrei-laktosefrei-halal-koscher-fuerth-nuernberg","status":"publish","type":"page","link":"https:\/\/www.hotel-bomonti.de\/de\/fruehstueck-oberasbach-glutenfrei-laktosefrei-halal-koscher-fuerth-nuernberg\/","title":{"rendered":"Fr\u00fchst\u00fcck"},"content":{"rendered":"<\/p>\n<!--themify_builder_content-->\n<div id=\"themify_builder_content-840\" data-postid=\"840\" class=\"themify_builder_content themify_builder_content-840 themify_builder tf_clear\">\n                    <div  data-anchor=\"Fr\u00fchst\u00fcck\" data-css_id=\"9aaf54e\" data-lazy=\"1\" class=\"module_row themify_builder_row fullheight fullwidth tb_has_section tb_section-Fr\u00fchst\u00fcck tb_9aaf54e tb_first tf_w\">\n                        <div class=\"row_inner col_align_top gutter-narrow tb_col_count_2 tf_box tf_rel\">\n                        <div  data-lazy=\"1\" class=\"module_column tb-column tb_df0b304 first\">\n                    <!-- module text -->\n<div  class=\"module module-text tb_e8edc41  repeat \" data-lazy=\"1\">\n        <div  class=\"tb_text_wrap\">\n        <h2 style=\"color: #cc0099; font-size: 1.6em; margin-bottom: 5%;\">Mit einem tollen Fr\u00fchst\u00fcck f\u00e4ngt der Tag so richtig gut an!<\/h2>\n<p>Wir begr\u00fc\u00dfen Sie mit frischen, duftenden Kaffee- und Teespezialit\u00e4ten und bieten Ihnen unser exzellentes, abwechslungsreiches Fr\u00fchst\u00fccksbuffet an, das keine W\u00fcnsche offen l\u00e4sst. Gerne k\u00f6nnen Sie Ihr Fr\u00fchst\u00fcck auch als Lunchpaket mitnehmen.<\/p>\n<p>Wir legen hohen Wert auf Produkte aus der Region und aus biologischem Anbau.<\/p>\n<p>Unser Fr\u00fchst\u00fcck bietet Ihnen eine reiche Auswahl an regionalen Backwaren, verschiedenen Wurst- und K\u00e4se-Sorten. Leckere Joghurts sowie frisches Obst und Gem\u00fcse aus dem fr\u00e4nkischen Knoblauchsland sorgen f\u00fcr einen guten Start in den Tag.<\/p>    <\/div>\n<\/div>\n<!-- \/module text -->        <\/div>\n                    <div  data-lazy=\"1\" class=\"module_column tb-column tb_bc1e35f last\">\n                            <\/div>\n                        <\/div>\n        <\/div>\n                        <div  data-anchor=\"Highlights\" data-css_id=\"0e9s003\" data-lazy=\"1\" class=\"module_row themify_builder_row fullheight fullwidth tb_has_section tb_section-Highlights tb_0e9s003 tf_w\">\n                        <div class=\"row_inner col_align_top gutter-narrow tb_col_count_2 tf_box tf_rel\">\n                        <div  data-lazy=\"1\" class=\"module_column tb-column tb_z8co803 first\">\n                    <!-- module text -->\n<div  class=\"module module-text tb_hbo7734  repeat \" data-lazy=\"1\">\n        <div  class=\"tb_text_wrap\">\n        <p>\u00a0<\/p>\n<p><strong>Highlights:<\/strong><br \/>&#8211; frische Br\u00f6tchen und Brot von der Zirndorfer B\u00e4ckerei Pillipp<br \/>&#8211; Wurstwaren vom Metzger<br \/>&#8211; Eier vom Bauernhof Zeilinger aus Siedelbach<br \/>&#8211; Honig von der Imkerei Hilmer aus Oberasbach<br \/>&#8211; Bio- und Fairtrade-Kaffee, -Espresso und -Tee<\/p>\n<p><strong>Allergiker-Fr\u00fchst\u00fcck<\/strong><br \/>Allergiker kommen in den Genuss von laktosefreier Milch und glutenfreien Br\u00f6tchen.<\/p>\n<p><strong>Koscher-Fr\u00fchst\u00fcck<\/strong><br \/>Wir servieren f\u00fcr G\u00e4ste aus dem j\u00fcdischen Glaubenskreis Fr\u00fchst\u00fcck, welches koscher ist.<\/p>\n<p><strong>Halal-Food<\/strong><br \/>F\u00fcr G\u00e4ste mit bestimmten Pr\u00e4ferenzen servieren wir Halal-Fr\u00fchst\u00fcck ohne Schweinefleisch und frei von Alkohol.<\/p>\n<p>Sie k\u00f6nnen uns Ihre W\u00fcnsche bei der Reservierung gerne mitteilen.<\/p>    <\/div>\n<\/div>\n<!-- \/module text -->        <\/div>\n                    <div  data-lazy=\"1\" class=\"module_column tb-column tb_sdib307 last\">\n                            <\/div>\n                        <\/div>\n        <\/div>\n                        <div  data-anchor=\"brot\" data-css_id=\"5f9cfa2\" data-lazy=\"1\" class=\"module_row themify_builder_row fullheight fullwidth tb_has_section tb_section-brot tb_5f9cfa2 tf_w\">\n                        <div class=\"row_inner col_align_top gutter-narrow tb_col_count_2 tf_box tf_rel\">\n                        <div  data-lazy=\"1\" class=\"module_column tb-column col4-2 tb_6854789 first\">\n                    <!-- module fancy heading -->\n<div  class=\"module module-fancy-heading tb_d6d8b4a \" data-lazy=\"1\">\n        <h2 class=\"fancy-heading tf_textl\">\n    <span class=\"main-head tf_block\">\n                    Brot vom regionalen B\u00e4cker            <\/span>\n\n    \n    <span class=\"sub-head tf_block tf_rel\">\n                                <\/span>\n    <\/h2>\n<\/div>\n<!-- \/module fancy heading -->\n<!-- module text -->\n<div  class=\"module module-text tb_5ef0f4b  repeat \" data-lazy=\"1\">\n        <div  class=\"tb_text_wrap\">\n        <p>Sie werden den Unterschied zu herk\u00f6mmlichen Hotelbackwaren gleich merken!<\/p>\n<p>Die B\u00e4ckerei Pillipp liefert t\u00e4glich frische Br\u00f6tchen und Brot f\u00fcr unsere G\u00e4ste.<\/p>\n<p>Der Familienbetrieb aus Zirndorf wird seit 1953 in der 2. Generation gef\u00fchrt. Der B\u00e4cker-Meister setzt auf handwerkliche Backkunst und auf frische und nat\u00fcrliche Zutaten von regionalen Anbietern.<\/p>\n    <\/div>\n<\/div>\n<!-- \/module text -->        <\/div>\n                    <div  data-lazy=\"1\" class=\"module_column tb-column col4-2 tb_f6a8bd9 last\">\n                            <\/div>\n                        <\/div>\n        <\/div>\n                        <div  data-anchor=\"eier\" data-css_id=\"478877a\" data-lazy=\"1\" class=\"module_row themify_builder_row fullheight fullwidth tb_has_section tb_section-eier tb_478877a tf_w\">\n                        <div class=\"row_inner col_align_top gutter-narrow tb_col_count_2 tf_box tf_rel\">\n                        <div  data-lazy=\"1\" class=\"module_column tb-column col4-2 tb_1b01d4e first\">\n                    <!-- module fancy heading -->\n<div  class=\"module module-fancy-heading tb_a2a4843 \" data-lazy=\"1\">\n        <h2 class=\"fancy-heading tf_textl\">\n    <span class=\"main-head tf_block\">\n                    Eier vom Bauernhof            <\/span>\n\n    \n    <span class=\"sub-head tf_block tf_rel\">\n                                <\/span>\n    <\/h2>\n<\/div>\n<!-- \/module fancy heading -->\n<!-- module text -->\n<div  class=\"module module-text tb_dba1569  repeat \" data-lazy=\"1\">\n        <div  class=\"tb_text_wrap\">\n        <p>Wir unterst\u00fctzen Bio-Landwirte aus der Region und garantieren damit t\u00e4glich frische Produkte f\u00fcr Sie, liebe G\u00e4ste.<\/p><p>Unsere Eier kommen frisch von gl\u00fccklichen H\u00fchnern vom b\u00e4uerlichen Familienbetrieb Zeilinger aus Markt Erlbach.<\/p><p>Die optimale Haltung der Tiere und eine sorgf\u00e4ltige Auswahl der Futtermittel garantieren eine stets hohe Qualit\u00e4t.<\/p>    <\/div>\n<\/div>\n<!-- \/module text -->        <\/div>\n                    <div  data-lazy=\"1\" class=\"module_column tb-column col4-2 tb_b338471 last\">\n                            <\/div>\n                        <\/div>\n        <\/div>\n                        <div  data-anchor=\"fair-trade\" data-css_id=\"d663c02\" data-lazy=\"1\" class=\"module_row themify_builder_row fullheight fullwidth tb_has_section tb_section-fair-trade tb_d663c02 tf_w\">\n                        <div class=\"row_inner col_align_top gutter-narrow tb_col_count_2 tf_box tf_rel\">\n                        <div  data-lazy=\"1\" class=\"module_column tb-column col4-2 tb_20a3f1a first\">\n                    <!-- module fancy heading -->\n<div  class=\"module module-fancy-heading tb_0d55787 \" data-lazy=\"1\">\n        <h2 class=\"fancy-heading tf_textl\">\n    <span class=\"main-head tf_block\">\n                    Fairtrade            <\/span>\n\n    \n    <span class=\"sub-head tf_block tf_rel\">\n                                <\/span>\n    <\/h2>\n<\/div>\n<!-- \/module fancy heading -->\n<!-- module text -->\n<div  class=\"module module-text tb_4c586da  repeat \" data-lazy=\"1\">\n        <div  class=\"tb_text_wrap\">\n        <p>Neben den regionalen Spezialit\u00e4ten aus unserer fr\u00e4nkischen Heimat bieten wir Ihnen aber auch \u00fcberregionale Fairtrade-Produkte, die wir aus zertifizierten Betrieben f\u00fcr Sie beziehen.<\/p><p>Unseren Kaffee, den wir zum Fr\u00fchst\u00fcck und in unserer Lobby servieren, beziehen wir nur von Lieferanten, welche &#8222;Fairtrade&#8220; garantieren.<\/p>    <\/div>\n<\/div>\n<!-- \/module text -->        <\/div>\n                    <div  data-lazy=\"1\" class=\"module_column tb-column col4-2 tb_d7d2d4d last\">\n                            <\/div>\n                        <\/div>\n        <\/div>\n                        <div  data-parallax-bg=\"desktop\" data-anchor=\"Fr\u00fchst\u00fccksb\u00fcffet\" data-lazy=\"1\" class=\"module_row themify_builder_row tb_has_section tb_section-Fr\u00fchst\u00fccksb\u00fcffet tb_6e6c542 tf_w\">\n            <span  class=\"builder_row_cover tf_abs\" data-lazy=\"1\"><\/span>            <div class=\"row_inner col_align_top tb_col_count_1 tf_box tf_rel\">\n                        <div  data-lazy=\"1\" class=\"module_column tb-column col-full tb_128844c first\">\n                    <!-- module fancy heading -->\n<div  class=\"module module-fancy-heading tb_5fe864f \" data-lazy=\"1\">\n        <h2 class=\"fancy-heading tf_textc\">\n    <span class=\"main-head tf_block\">\n                    Fr\u00fchst\u00fccksbuffet            <\/span>\n\n    \n    <span class=\"sub-head tf_block tf_rel\">\n                                <\/span>\n    <\/h2>\n<\/div>\n<!-- \/module fancy heading -->\n        <div  data-lazy=\"1\" class=\"module_subrow themify_builder_sub_row tf_w col_align_top tb_col_count_3 tb_4a8f600\">\n                <div  data-lazy=\"1\" class=\"module_column sub_column col3-1 tb_689e450 first\">\n                            <\/div>\n                    <div  data-lazy=\"1\" class=\"module_column sub_column col3-1 tb_a026acf\">\n                    <!-- module text -->\n<div  class=\"module module-text tb_8328186  repeat \" data-lazy=\"1\">\n        <div  class=\"tb_text_wrap\">\n        <p>Unsere Fr\u00fchst\u00fcckszeiten:<\/p>\n<p>Das Fr\u00fchst\u00fcck beginnt t\u00e4glich um 6:00 Uhr und um 10:00 Uhr schlie\u00dft der Fr\u00fchst\u00fccksbereich.<\/p>\n<p>*\u00a0 *\u00a0 *<\/p>\n<p>Unser sonnt\u00e4gliches Langschl\u00e4ferfr\u00fchst\u00fcck von 10:30 Uhr bis 13:00 Uhr f\u00fcr Au\u00dfer-Haus-G\u00e4ste bieten wir auf Grund von akutem Personalmangel und den immer weiter steigenden Preisen leider nicht mehr an.<\/p>\n<p>Wir bitten um Ihr Verst\u00e4ndnis.<\/p>\n<p>Vielen Dank.<\/p>    <\/div>\n<\/div>\n<!-- \/module text -->        <\/div>\n                    <div  data-lazy=\"1\" class=\"module_column sub_column col3-1 tb_4f208b5 last\">\n                            <\/div>\n                    <\/div>\n                <\/div>\n                        <\/div>\n        <\/div>\n        <\/div>\n<!--\/themify_builder_content-->","protected":false},"excerpt":{"rendered":"","protected":false},"author":1,"featured_media":0,"parent":0,"menu_order":0,"comment_status":"closed","ping_status":"closed","template":"","meta":{"footnotes":""},"class_list":["post-840","page","type-page","status-publish","hentry","has-post-title","has-post-date","has-post-category","has-post-tag","has-post-comment","has-post-author",""],"yoast_head":"<!-- This site is optimized with the Yoast SEO plugin v27.4 - https:\/\/yoast.com\/product\/yoast-seo-wordpress\/ -->\n<title>Fr\u00fchst\u00fcck - Hotel Bomonti<\/title>\n<meta name=\"robots\" content=\"index, follow, max-snippet:-1, max-image-preview:large, max-video-preview:-1\" \/>\n<link rel=\"canonical\" href=\"https:\/\/www.hotel-bomonti.de\/fruehstueck-oberasbach-glutenfrei-laktosefrei-halal-koscher-fuerth-nuernberg\/\" \/>\n<meta property=\"og:locale\" content=\"de_DE\" \/>\n<meta property=\"og:type\" content=\"article\" \/>\n<meta property=\"og:title\" content=\"Fr\u00fchst\u00fcck - Hotel Bomonti\" \/>\n<meta property=\"og:url\" content=\"https:\/\/www.hotel-bomonti.de\/fruehstueck-oberasbach-glutenfrei-laktosefrei-halal-koscher-fuerth-nuernberg\/\" \/>\n<meta property=\"og:site_name\" content=\"Hotel Bomonti\" \/>\n<meta property=\"article:modified_time\" content=\"2023-11-19T15:05:24+00:00\" \/>\n<meta name=\"twitter:card\" content=\"summary_large_image\" \/>\n<script type=\"application\/ld+json\" class=\"yoast-schema-graph\">{\"@context\":\"https:\\\/\\\/schema.org\",\"@graph\":[{\"@type\":\"WebPage\",\"@id\":\"https:\\\/\\\/www.hotel-bomonti.de\\\/de\\\/fruehstueck-oberasbach-glutenfrei-laktosefrei-halal-koscher-fuerth-nuernberg\\\/\",\"url\":\"https:\\\/\\\/www.hotel-bomonti.de\\\/fruehstueck-oberasbach-glutenfrei-laktosefrei-halal-koscher-fuerth-nuernberg\\\/\",\"name\":\"Fr\u00fchst\u00fcck - Hotel Bomonti\",\"isPartOf\":{\"@id\":\"https:\\\/\\\/www.hotel-bomonti.de\\\/de\\\/#website\"},\"datePublished\":\"2018-12-05T17:20:34+00:00\",\"dateModified\":\"2023-11-19T15:05:24+00:00\",\"breadcrumb\":{\"@id\":\"https:\\\/\\\/www.hotel-bomonti.de\\\/fruehstueck-oberasbach-glutenfrei-laktosefrei-halal-koscher-fuerth-nuernberg\\\/#breadcrumb\"},\"inLanguage\":\"de\",\"potentialAction\":[{\"@type\":\"ReadAction\",\"target\":[\"https:\\\/\\\/www.hotel-bomonti.de\\\/fruehstueck-oberasbach-glutenfrei-laktosefrei-halal-koscher-fuerth-nuernberg\\\/\"]}]},{\"@type\":\"BreadcrumbList\",\"@id\":\"https:\\\/\\\/www.hotel-bomonti.de\\\/fruehstueck-oberasbach-glutenfrei-laktosefrei-halal-koscher-fuerth-nuernberg\\\/#breadcrumb\",\"itemListElement\":[{\"@type\":\"ListItem\",\"position\":1,\"name\":\"Startseite\",\"item\":\"https:\\\/\\\/www.hotel-bomonti.de\\\/de\\\/\"},{\"@type\":\"ListItem\",\"position\":2,\"name\":\"Fr\u00fchst\u00fcck\"}]},{\"@type\":\"WebSite\",\"@id\":\"https:\\\/\\\/www.hotel-bomonti.de\\\/de\\\/#website\",\"url\":\"https:\\\/\\\/www.hotel-bomonti.de\\\/de\\\/\",\"name\":\"Hotel Bomonti\",\"description\":\"N\u00fcrnberg-West\",\"potentialAction\":[{\"@type\":\"SearchAction\",\"target\":{\"@type\":\"EntryPoint\",\"urlTemplate\":\"https:\\\/\\\/www.hotel-bomonti.de\\\/de\\\/?s={search_term_string}\"},\"query-input\":{\"@type\":\"PropertyValueSpecification\",\"valueRequired\":true,\"valueName\":\"search_term_string\"}}],\"inLanguage\":\"de\"}]}<\/script>\n<!-- \/ Yoast SEO plugin. -->","yoast_head_json":{"title":"Fr\u00fchst\u00fcck - Hotel Bomonti","robots":{"index":"index","follow":"follow","max-snippet":"max-snippet:-1","max-image-preview":"max-image-preview:large","max-video-preview":"max-video-preview:-1"},"canonical":"https:\/\/www.hotel-bomonti.de\/fruehstueck-oberasbach-glutenfrei-laktosefrei-halal-koscher-fuerth-nuernberg\/","og_locale":"de_DE","og_type":"article","og_title":"Fr\u00fchst\u00fcck - Hotel Bomonti","og_url":"https:\/\/www.hotel-bomonti.de\/fruehstueck-oberasbach-glutenfrei-laktosefrei-halal-koscher-fuerth-nuernberg\/","og_site_name":"Hotel Bomonti","article_modified_time":"2023-11-19T15:05:24+00:00","twitter_card":"summary_large_image","schema":{"@context":"https:\/\/schema.org","@graph":[{"@type":"WebPage","@id":"https:\/\/www.hotel-bomonti.de\/de\/fruehstueck-oberasbach-glutenfrei-laktosefrei-halal-koscher-fuerth-nuernberg\/","url":"https:\/\/www.hotel-bomonti.de\/fruehstueck-oberasbach-glutenfrei-laktosefrei-halal-koscher-fuerth-nuernberg\/","name":"Fr\u00fchst\u00fcck - Hotel Bomonti","isPartOf":{"@id":"https:\/\/www.hotel-bomonti.de\/de\/#website"},"datePublished":"2018-12-05T17:20:34+00:00","dateModified":"2023-11-19T15:05:24+00:00","breadcrumb":{"@id":"https:\/\/www.hotel-bomonti.de\/fruehstueck-oberasbach-glutenfrei-laktosefrei-halal-koscher-fuerth-nuernberg\/#breadcrumb"},"inLanguage":"de","potentialAction":[{"@type":"ReadAction","target":["https:\/\/www.hotel-bomonti.de\/fruehstueck-oberasbach-glutenfrei-laktosefrei-halal-koscher-fuerth-nuernberg\/"]}]},{"@type":"BreadcrumbList","@id":"https:\/\/www.hotel-bomonti.de\/fruehstueck-oberasbach-glutenfrei-laktosefrei-halal-koscher-fuerth-nuernberg\/#breadcrumb","itemListElement":[{"@type":"ListItem","position":1,"name":"Startseite","item":"https:\/\/www.hotel-bomonti.de\/de\/"},{"@type":"ListItem","position":2,"name":"Fr\u00fchst\u00fcck"}]},{"@type":"WebSite","@id":"https:\/\/www.hotel-bomonti.de\/de\/#website","url":"https:\/\/www.hotel-bomonti.de\/de\/","name":"Hotel Bomonti","description":"N\u00fcrnberg-West","potentialAction":[{"@type":"SearchAction","target":{"@type":"EntryPoint","urlTemplate":"https:\/\/www.hotel-bomonti.de\/de\/?s={search_term_string}"},"query-input":{"@type":"PropertyValueSpecification","valueRequired":true,"valueName":"search_term_string"}}],"inLanguage":"de"}]}},"builder_content":"<h2 style=\"color: #cc0099; font-size: 1.6em; margin-bottom: 5%;\">Mit einem tollen Fr\u00fchst\u00fcck f\u00e4ngt der Tag so richtig gut an!<\/h2> <p>Wir begr\u00fc\u00dfen Sie mit frischen, duftenden Kaffee- und Teespezialit\u00e4ten und bieten Ihnen unser exzellentes, abwechslungsreiches Fr\u00fchst\u00fccksbuffet an, das keine W\u00fcnsche offen l\u00e4sst. Gerne k\u00f6nnen Sie Ihr Fr\u00fchst\u00fcck auch als Lunchpaket mitnehmen.<\/p> <p>Wir legen hohen Wert auf Produkte aus der Region und aus biologischem Anbau.<\/p> <p>Unser Fr\u00fchst\u00fcck bietet Ihnen eine reiche Auswahl an regionalen Backwaren, verschiedenen Wurst- und K\u00e4se-Sorten. Leckere Joghurts sowie frisches Obst und Gem\u00fcse aus dem fr\u00e4nkischen Knoblauchsland sorgen f\u00fcr einen guten Start in den Tag.<\/p>\n<p>\u00a0<\/p> <p><strong>Highlights:<\/strong><br \/>- frische Br\u00f6tchen und Brot von der Zirndorfer B\u00e4ckerei Pillipp<br \/>- Wurstwaren vom Metzger<br \/>- Eier vom Bauernhof Zeilinger aus Siedelbach<br \/>- Honig von der Imkerei Hilmer aus Oberasbach<br \/>- Bio- und Fairtrade-Kaffee, -Espresso und -Tee<\/p> <p><strong>Allergiker-Fr\u00fchst\u00fcck<\/strong><br \/>Allergiker kommen in den Genuss von laktosefreier Milch und glutenfreien Br\u00f6tchen.<\/p> <p><strong>Koscher-Fr\u00fchst\u00fcck<\/strong><br \/>Wir servieren f\u00fcr G\u00e4ste aus dem j\u00fcdischen Glaubenskreis Fr\u00fchst\u00fcck, welches koscher ist.<\/p> <p><strong>Halal-Food<\/strong><br \/>F\u00fcr G\u00e4ste mit bestimmten Pr\u00e4ferenzen servieren wir Halal-Fr\u00fchst\u00fcck ohne Schweinefleisch und frei von Alkohol.<\/p> <p>Sie k\u00f6nnen uns Ihre W\u00fcnsche bei der Reservierung gerne mitteilen.<\/p>\n<h2>Brot vom regionalen B\u00e4cker<br\/><\/h2>\n<p>Sie werden den Unterschied zu herk\u00f6mmlichen Hotelbackwaren gleich merken!<\/p> <p>Die B\u00e4ckerei Pillipp liefert t\u00e4glich frische Br\u00f6tchen und Brot f\u00fcr unsere G\u00e4ste.<\/p> <p>Der Familienbetrieb aus Zirndorf wird seit 1953 in der 2. Generation gef\u00fchrt. Der B\u00e4cker-Meister setzt auf handwerkliche Backkunst und auf frische und nat\u00fcrliche Zutaten von regionalen Anbietern.<\/p>\n<h2>Eier vom Bauernhof<br\/><\/h2>\n<p>Wir unterst\u00fctzen Bio-Landwirte aus der Region und garantieren damit t\u00e4glich frische Produkte f\u00fcr Sie, liebe G\u00e4ste.<\/p><p>Unsere Eier kommen frisch von gl\u00fccklichen H\u00fchnern vom b\u00e4uerlichen Familienbetrieb Zeilinger aus Markt Erlbach.<\/p><p>Die optimale Haltung der Tiere und eine sorgf\u00e4ltige Auswahl der Futtermittel garantieren eine stets hohe Qualit\u00e4t.<\/p>\n<h2>Fairtrade<br\/><\/h2>\n<p>Neben den regionalen Spezialit\u00e4ten aus unserer fr\u00e4nkischen Heimat bieten wir Ihnen aber auch \u00fcberregionale Fairtrade-Produkte, die wir aus zertifizierten Betrieben f\u00fcr Sie beziehen.<\/p><p>Unseren Kaffee, den wir zum Fr\u00fchst\u00fcck und in unserer Lobby servieren, beziehen wir nur von Lieferanten, welche \"Fairtrade\" garantieren.<\/p>\n<h2>Fr\u00fchst\u00fccksbuffet<br\/><\/h2>\n<p>Unsere Fr\u00fchst\u00fcckszeiten:<\/p> <p>Das Fr\u00fchst\u00fcck beginnt t\u00e4glich um 6:00 Uhr und um 10:00 Uhr schlie\u00dft der Fr\u00fchst\u00fccksbereich.<\/p> <p>*\u00a0 *\u00a0 *<\/p> <p>Unser sonnt\u00e4gliches Langschl\u00e4ferfr\u00fchst\u00fcck von 10:30 Uhr bis 13:00 Uhr f\u00fcr Au\u00dfer-Haus-G\u00e4ste bieten wir auf Grund von akutem Personalmangel und den immer weiter steigenden Preisen leider nicht mehr an.<\/p> <p>Wir bitten um Ihr Verst\u00e4ndnis.<\/p> <p>Vielen Dank.<\/p>","_links":{"self":[{"href":"https:\/\/www.hotel-bomonti.de\/de\/wp-json\/wp\/v2\/pages\/840","targetHints":{"allow":["GET"]}}],"collection":[{"href":"https:\/\/www.hotel-bomonti.de\/de\/wp-json\/wp\/v2\/pages"}],"about":[{"href":"https:\/\/www.hotel-bomonti.de\/de\/wp-json\/wp\/v2\/types\/page"}],"author":[{"embeddable":true,"href":"https:\/\/www.hotel-bomonti.de\/de\/wp-json\/wp\/v2\/users\/1"}],"replies":[{"embeddable":true,"href":"https:\/\/www.hotel-bomonti.de\/de\/wp-json\/wp\/v2\/comments?post=840"}],"version-history":[{"count":99,"href":"https:\/\/www.hotel-bomonti.de\/de\/wp-json\/wp\/v2\/pages\/840\/revisions"}],"predecessor-version":[{"id":6890,"href":"https:\/\/www.hotel-bomonti.de\/de\/wp-json\/wp\/v2\/pages\/840\/revisions\/6890"}],"wp:attachment":[{"href":"https:\/\/www.hotel-bomonti.de\/de\/wp-json\/wp\/v2\/media?parent=840"}],"curies":[{"name":"wp","href":"https:\/\/api.w.org\/{rel}","templated":true}]}}