{"id":856,"date":"2018-12-05T17:26:25","date_gmt":"2018-12-05T17:26:25","guid":{"rendered":"http:\/\/bomonti-hotels.de\/?page_id=856"},"modified":"2021-11-13T14:53:14","modified_gmt":"2021-11-13T14:53:14","slug":"feiern-events-catering-in-oberasbach-zirndorf-nuernberg","status":"publish","type":"page","link":"https:\/\/www.hotel-bomonti.de\/de\/feiern-events-catering-in-oberasbach-zirndorf-nuernberg\/","title":{"rendered":"Feiern, Events &#038; Catering"},"content":{"rendered":"<p><\/p>\n<!--themify_builder_content-->\n<div id=\"themify_builder_content-856\" data-postid=\"856\" class=\"themify_builder_content themify_builder_content-856 themify_builder tf_clear\">\n                    <div  data-anchor=\"feiern\" data-css_id=\"d7202b1\" data-lazy=\"1\" class=\"module_row themify_builder_row fullheight fullwidth tb_has_section tb_section-feiern tb_d7202b1 tb_first tf_w\">\n                        <div class=\"row_inner gutter-narrow col_align_top tb_col_count_2 tf_box tf_rel\">\n                        <div  data-lazy=\"1\" class=\"module_column tb-column col4-2 tb_4b70078 first\">\n                    <!-- module text -->\n<div  class=\"module module-text tb_db8ea8b  repeat \" data-lazy=\"1\">\n        <div  class=\"tb_text_wrap\">\n        <h2 style=\"text-align: left;\">Feiern Sie Ihre Events mit bomonti!<\/h2>\n<p>Eine besondere Veranstaltung verdient einen besonderen Rahmen.<\/p>\n<p>Unser hotel bomonti bietet eine unvergleichliche Kulisse und stilvolle R\u00e4umlichkeiten f\u00fcr hohe Anspr\u00fcche. Die liebevolle und individuelle Einrichtung macht das Ambiente unseres Hauses einmalig und Ihre Veranstaltung unvergesslich.<\/p>\n<p>Ob Geburtstag, Hochzeit, Jubil\u00e4en, Konfirmation, Kommunion, Firmen- oder Vereinsfeiern \u2013 wir machen Ihren Anlass zum Fest!<\/p>\n    <\/div>\n<\/div>\n<!-- \/module text -->        <\/div>\n                    <div  data-lazy=\"1\" class=\"module_column tb-column col4-2 tb_3137694 last\">\n                            <\/div>\n                        <\/div>\n        <\/div>\n                        <div  data-anchor=\"r\u00e4umlichkeiten\" data-css_id=\"jvuq234\" data-lazy=\"1\" class=\"module_row themify_builder_row fullheight fullwidth tb_has_section tb_section-r\u00e4umlichkeiten tb_jvuq234 tf_w\">\n                        <div class=\"row_inner gutter-narrow col_align_top tb_col_count_2 tf_box tf_rel\">\n                        <div  data-lazy=\"1\" class=\"module_column tb-column col4-2 tb_h04r520 first\">\n                    <!-- module text -->\n<div  class=\"module module-text tb_c2l4040  repeat \" data-lazy=\"1\">\n        <div  class=\"tb_text_wrap\">\n        <p>In unseren R\u00e4umlichkeiten k\u00f6nnen Sie wahlweise im kleinen oder gro\u00dfen Kreis mit bis zu 100 Personen feiern.<\/p>\n<p>Unser freundliches Fachpersonal sorgt f\u00fcr einen reibungslosen Ablauf und l\u00e4sst keine Erwartungen offen. Ob individuelle Men\u00fc- und Weinempfehlungen oder ein Ihren Vorstellungen entsprechendes Rahmenprogramm \u2013 wir geben Ihren W\u00fcnschen Form!<\/p>\n<p>Unser Gastronomieleiter Fabrizio Dottori sorgt f\u00fcr einen reibungslosen Ablauf und l\u00e4sst keine W\u00fcnsche offen.<\/p>    <\/div>\n<\/div>\n<!-- \/module text -->        <\/div>\n                    <div  data-lazy=\"1\" class=\"module_column tb-column col4-2 tb_1twm002 last\">\n                            <\/div>\n                        <\/div>\n        <\/div>\n                        <div  data-anchor=\"\u00fcbernachten\" data-css_id=\"37uy300\" data-lazy=\"1\" class=\"module_row themify_builder_row fullheight fullwidth tb_has_section tb_section-\u00fcbernachten tb_37uy300 tf_w\">\n                        <div class=\"row_inner gutter-narrow col_align_top tb_col_count_2 tf_box tf_rel\">\n                        <div  data-lazy=\"1\" class=\"module_column tb-column col4-2 tb_ssqk020 first\">\n                    <!-- module text -->\n<div  class=\"module module-text tb_ei38030  repeat \" data-lazy=\"1\">\n        <div  class=\"tb_text_wrap\">\n        <p>Ben\u00f6tigen Sie und Ihre Gesellschaft nach einer langen Nacht eine Unterkunft? Unser hotel bomonti bietet Ihnen und Ihren G\u00e4sten komfortable Zimmer f\u00fcr einen erholsamen Schlaf.<\/p>\n<p><strong>Sprechen Sie uns einfach an!<\/strong><\/p>    <\/div>\n<\/div>\n<!-- \/module text -->        <\/div>\n                    <div  data-lazy=\"1\" class=\"module_column tb-column col4-2 tb_sym2033 last\">\n                            <\/div>\n                        <\/div>\n        <\/div>\n        <\/div>\n<!--\/themify_builder_content-->","protected":false},"excerpt":{"rendered":"<p>Feiern Sie Ihre Events mit bomonti! Eine besondere Veranstaltung verdient einen besonderen Rahmen. Unser hotel bomonti bietet eine unvergleichliche Kulisse und stilvolle R\u00e4umlichkeiten f\u00fcr hohe Anspr\u00fcche. Die liebevolle und individuelle Einrichtung macht das Ambiente unseres Hauses einmalig und Ihre Veranstaltung unvergesslich. Ob Geburtstag, Hochzeit, Jubil\u00e4en, Konfirmation, Kommunion, Firmen- oder Vereinsfeiern \u2013 wir machen Ihren Anlass [&hellip;]<\/p>\n","protected":false},"author":1,"featured_media":0,"parent":0,"menu_order":0,"comment_status":"closed","ping_status":"closed","template":"","meta":{"footnotes":""},"class_list":["post-856","page","type-page","status-publish","hentry","has-post-title","has-post-date","has-post-category","has-post-tag","has-post-comment","has-post-author",""],"yoast_head":"<!-- This site is optimized with the Yoast SEO plugin v27.5 - https:\/\/yoast.com\/product\/yoast-seo-wordpress\/ -->\n<title>Feiern, Events &amp; Catering - Hotel Bomonti<\/title>\n<meta name=\"robots\" content=\"index, follow, max-snippet:-1, max-image-preview:large, max-video-preview:-1\" \/>\n<link rel=\"canonical\" href=\"https:\/\/www.hotel-bomonti.de\/feiern-events-catering-in-oberasbach-zirndorf-nuernberg\/\" \/>\n<meta property=\"og:locale\" content=\"de_DE\" \/>\n<meta property=\"og:type\" content=\"article\" \/>\n<meta property=\"og:title\" content=\"Feiern, Events &amp; Catering - Hotel Bomonti\" \/>\n<meta property=\"og:description\" content=\"Feiern Sie Ihre Events mit bomonti! Eine besondere Veranstaltung verdient einen besonderen Rahmen. Unser hotel bomonti bietet eine unvergleichliche Kulisse und stilvolle R\u00e4umlichkeiten f\u00fcr hohe Anspr\u00fcche. Die liebevolle und individuelle Einrichtung macht das Ambiente unseres Hauses einmalig und Ihre Veranstaltung unvergesslich. Ob Geburtstag, Hochzeit, Jubil\u00e4en, Konfirmation, Kommunion, Firmen- oder Vereinsfeiern \u2013 wir machen Ihren Anlass [&hellip;]\" \/>\n<meta property=\"og:url\" content=\"https:\/\/www.hotel-bomonti.de\/feiern-events-catering-in-oberasbach-zirndorf-nuernberg\/\" \/>\n<meta property=\"og:site_name\" content=\"Hotel Bomonti\" \/>\n<meta property=\"article:modified_time\" content=\"2021-11-13T14:53:14+00:00\" \/>\n<meta name=\"twitter:card\" content=\"summary_large_image\" \/>\n<meta name=\"twitter:label1\" content=\"Gesch\u00e4tzte Lesezeit\" \/>\n\t<meta name=\"twitter:data1\" content=\"1\u00a0Minute\" \/>\n<script type=\"application\/ld+json\" class=\"yoast-schema-graph\">{\"@context\":\"https:\\\/\\\/schema.org\",\"@graph\":[{\"@type\":\"WebPage\",\"@id\":\"https:\\\/\\\/www.hotel-bomonti.de\\\/de\\\/feiern-events-catering-in-oberasbach-zirndorf-nuernberg\\\/\",\"url\":\"https:\\\/\\\/www.hotel-bomonti.de\\\/feiern-events-catering-in-oberasbach-zirndorf-nuernberg\\\/\",\"name\":\"Feiern, Events & Catering - Hotel Bomonti\",\"isPartOf\":{\"@id\":\"https:\\\/\\\/www.hotel-bomonti.de\\\/de\\\/#website\"},\"datePublished\":\"2018-12-05T17:26:25+00:00\",\"dateModified\":\"2021-11-13T14:53:14+00:00\",\"breadcrumb\":{\"@id\":\"https:\\\/\\\/www.hotel-bomonti.de\\\/feiern-events-catering-in-oberasbach-zirndorf-nuernberg\\\/#breadcrumb\"},\"inLanguage\":\"de\",\"potentialAction\":[{\"@type\":\"ReadAction\",\"target\":[\"https:\\\/\\\/www.hotel-bomonti.de\\\/feiern-events-catering-in-oberasbach-zirndorf-nuernberg\\\/\"]}]},{\"@type\":\"BreadcrumbList\",\"@id\":\"https:\\\/\\\/www.hotel-bomonti.de\\\/feiern-events-catering-in-oberasbach-zirndorf-nuernberg\\\/#breadcrumb\",\"itemListElement\":[{\"@type\":\"ListItem\",\"position\":1,\"name\":\"Startseite\",\"item\":\"https:\\\/\\\/www.hotel-bomonti.de\\\/de\\\/\"},{\"@type\":\"ListItem\",\"position\":2,\"name\":\"Feiern, Events &#038; Catering\"}]},{\"@type\":\"WebSite\",\"@id\":\"https:\\\/\\\/www.hotel-bomonti.de\\\/de\\\/#website\",\"url\":\"https:\\\/\\\/www.hotel-bomonti.de\\\/de\\\/\",\"name\":\"Hotel Bomonti\",\"description\":\"N\u00fcrnberg-West\",\"potentialAction\":[{\"@type\":\"SearchAction\",\"target\":{\"@type\":\"EntryPoint\",\"urlTemplate\":\"https:\\\/\\\/www.hotel-bomonti.de\\\/de\\\/?s={search_term_string}\"},\"query-input\":{\"@type\":\"PropertyValueSpecification\",\"valueRequired\":true,\"valueName\":\"search_term_string\"}}],\"inLanguage\":\"de\"}]}<\/script>\n<!-- \/ Yoast SEO plugin. -->","yoast_head_json":{"title":"Feiern, Events & Catering - Hotel Bomonti","robots":{"index":"index","follow":"follow","max-snippet":"max-snippet:-1","max-image-preview":"max-image-preview:large","max-video-preview":"max-video-preview:-1"},"canonical":"https:\/\/www.hotel-bomonti.de\/feiern-events-catering-in-oberasbach-zirndorf-nuernberg\/","og_locale":"de_DE","og_type":"article","og_title":"Feiern, Events & Catering - Hotel Bomonti","og_description":"Feiern Sie Ihre Events mit bomonti! Eine besondere Veranstaltung verdient einen besonderen Rahmen. Unser hotel bomonti bietet eine unvergleichliche Kulisse und stilvolle R\u00e4umlichkeiten f\u00fcr hohe Anspr\u00fcche. Die liebevolle und individuelle Einrichtung macht das Ambiente unseres Hauses einmalig und Ihre Veranstaltung unvergesslich. Ob Geburtstag, Hochzeit, Jubil\u00e4en, Konfirmation, Kommunion, Firmen- oder Vereinsfeiern \u2013 wir machen Ihren Anlass [&hellip;]","og_url":"https:\/\/www.hotel-bomonti.de\/feiern-events-catering-in-oberasbach-zirndorf-nuernberg\/","og_site_name":"Hotel Bomonti","article_modified_time":"2021-11-13T14:53:14+00:00","twitter_card":"summary_large_image","twitter_misc":{"Gesch\u00e4tzte Lesezeit":"1\u00a0Minute"},"schema":{"@context":"https:\/\/schema.org","@graph":[{"@type":"WebPage","@id":"https:\/\/www.hotel-bomonti.de\/de\/feiern-events-catering-in-oberasbach-zirndorf-nuernberg\/","url":"https:\/\/www.hotel-bomonti.de\/feiern-events-catering-in-oberasbach-zirndorf-nuernberg\/","name":"Feiern, Events & Catering - Hotel Bomonti","isPartOf":{"@id":"https:\/\/www.hotel-bomonti.de\/de\/#website"},"datePublished":"2018-12-05T17:26:25+00:00","dateModified":"2021-11-13T14:53:14+00:00","breadcrumb":{"@id":"https:\/\/www.hotel-bomonti.de\/feiern-events-catering-in-oberasbach-zirndorf-nuernberg\/#breadcrumb"},"inLanguage":"de","potentialAction":[{"@type":"ReadAction","target":["https:\/\/www.hotel-bomonti.de\/feiern-events-catering-in-oberasbach-zirndorf-nuernberg\/"]}]},{"@type":"BreadcrumbList","@id":"https:\/\/www.hotel-bomonti.de\/feiern-events-catering-in-oberasbach-zirndorf-nuernberg\/#breadcrumb","itemListElement":[{"@type":"ListItem","position":1,"name":"Startseite","item":"https:\/\/www.hotel-bomonti.de\/de\/"},{"@type":"ListItem","position":2,"name":"Feiern, Events &#038; Catering"}]},{"@type":"WebSite","@id":"https:\/\/www.hotel-bomonti.de\/de\/#website","url":"https:\/\/www.hotel-bomonti.de\/de\/","name":"Hotel Bomonti","description":"N\u00fcrnberg-West","potentialAction":[{"@type":"SearchAction","target":{"@type":"EntryPoint","urlTemplate":"https:\/\/www.hotel-bomonti.de\/de\/?s={search_term_string}"},"query-input":{"@type":"PropertyValueSpecification","valueRequired":true,"valueName":"search_term_string"}}],"inLanguage":"de"}]}},"builder_content":"<h2 style=\"text-align: left;\">Feiern Sie Ihre Events mit bomonti!<\/h2> <p>Eine besondere Veranstaltung verdient einen besonderen Rahmen.<\/p> <p>Unser hotel bomonti bietet eine unvergleichliche Kulisse und stilvolle R\u00e4umlichkeiten f\u00fcr hohe Anspr\u00fcche. Die liebevolle und individuelle Einrichtung macht das Ambiente unseres Hauses einmalig und Ihre Veranstaltung unvergesslich.<\/p> <p>Ob Geburtstag, Hochzeit, Jubil\u00e4en, Konfirmation, Kommunion, Firmen- oder Vereinsfeiern \u2013 wir machen Ihren Anlass zum Fest!<\/p>\n<p>In unseren R\u00e4umlichkeiten k\u00f6nnen Sie wahlweise im kleinen oder gro\u00dfen Kreis mit bis zu 100 Personen feiern.<\/p> <p>Unser freundliches Fachpersonal sorgt f\u00fcr einen reibungslosen Ablauf und l\u00e4sst keine Erwartungen offen. Ob individuelle Men\u00fc- und Weinempfehlungen oder ein Ihren Vorstellungen entsprechendes Rahmenprogramm \u2013 wir geben Ihren W\u00fcnschen Form!<\/p> <p>Unser Gastronomieleiter Fabrizio Dottori sorgt f\u00fcr einen reibungslosen Ablauf und l\u00e4sst keine W\u00fcnsche offen.<\/p>\n<p>Ben\u00f6tigen Sie und Ihre Gesellschaft nach einer langen Nacht eine Unterkunft? Unser hotel bomonti bietet Ihnen und Ihren G\u00e4sten komfortable Zimmer f\u00fcr einen erholsamen Schlaf.<\/p> <p><strong>Sprechen Sie uns einfach an!<\/strong><\/p>","_links":{"self":[{"href":"https:\/\/www.hotel-bomonti.de\/de\/wp-json\/wp\/v2\/pages\/856","targetHints":{"allow":["GET"]}}],"collection":[{"href":"https:\/\/www.hotel-bomonti.de\/de\/wp-json\/wp\/v2\/pages"}],"about":[{"href":"https:\/\/www.hotel-bomonti.de\/de\/wp-json\/wp\/v2\/types\/page"}],"author":[{"embeddable":true,"href":"https:\/\/www.hotel-bomonti.de\/de\/wp-json\/wp\/v2\/users\/1"}],"replies":[{"embeddable":true,"href":"https:\/\/www.hotel-bomonti.de\/de\/wp-json\/wp\/v2\/comments?post=856"}],"version-history":[{"count":30,"href":"https:\/\/www.hotel-bomonti.de\/de\/wp-json\/wp\/v2\/pages\/856\/revisions"}],"predecessor-version":[{"id":5265,"href":"https:\/\/www.hotel-bomonti.de\/de\/wp-json\/wp\/v2\/pages\/856\/revisions\/5265"}],"wp:attachment":[{"href":"https:\/\/www.hotel-bomonti.de\/de\/wp-json\/wp\/v2\/media?parent=856"}],"curies":[{"name":"wp","href":"https:\/\/api.w.org\/{rel}","templated":true}]}}