{"id":860,"date":"2018-12-05T17:43:30","date_gmt":"2018-12-05T17:43:30","guid":{"rendered":"http:\/\/bomonti-hotels.de\/?page_id=860"},"modified":"2026-04-11T20:34:59","modified_gmt":"2026-04-11T20:34:59","slug":"parken-tiefgarage-kostenlose-parkmoeglichkeiten","status":"publish","type":"page","link":"https:\/\/www.hotel-bomonti.de\/de\/parken-tiefgarage-kostenlose-parkmoeglichkeiten\/","title":{"rendered":"Parken \/ Tiefgarage"},"content":{"rendered":"<\/p>\n<!--themify_builder_content-->\n<div id=\"themify_builder_content-860\" data-postid=\"860\" class=\"themify_builder_content themify_builder_content-860 themify_builder tf_clear\">\n                    <div  data-css_id=\"80c2e19\" data-lazy=\"1\" class=\"module_row themify_builder_row fullheight fullwidth tb_80c2e19 tb_first tf_w\">\n                        <div class=\"row_inner col_align_top gutter-narrow tb_col_count_2 tf_box tf_rel\">\n                        <div  data-lazy=\"1\" class=\"module_column tb-column col4-2 tb_6dd943e first\">\n                    <!-- module text -->\n<div  class=\"module module-text tb_2430a10   \" data-lazy=\"1\">\n        <div  class=\"tb_text_wrap\">\n        <h2 style=\"color: #cc0099; font-size: 1.6em; margin-bottom: 5%;\">Bei uns finden Sie immer einen guten und sicheren Parkplatz!<\/h2>\n<p>Sowohl Au\u00dfenstellpl\u00e4tze als auch eine eigene Hotelgarage im Untergeschoss bieten Ihnen gen\u00fcgend Parkm\u00f6glichkeiten. Es gibt gen\u00fcgend \u00f6ffentliche und kostenfreie Parkpl\u00e4tze rund um das Hotel.<\/p>\n<p>Bei der Anreise und Abreise stehen Ihnen zwei tempor\u00e4re Stellpl\u00e4tze direkt am Eingang zur Verf\u00fcgung.<\/p>\n<p>Ein Stellplatz in unserer Tiefgarage kostet 10\u20ac\/Nacht und PKW (nach Verf\u00fcgbarkeit).<\/p>    <\/div>\n<\/div>\n<!-- \/module text -->        <\/div>\n                    <div  data-lazy=\"1\" class=\"module_column tb-column col4-2 tb_c669075 last\">\n                            <div  data-lazy=\"1\" class=\"module_subrow themify_builder_sub_row tf_w col_align_top gutter-narrow tb_col_count_2 tb_47676fb\">\n                <div  data-lazy=\"1\" class=\"module_column sub_column col4-2 tb_34e1509 first\">\n                            <\/div>\n                    <div  data-lazy=\"1\" class=\"module_column sub_column col4-2 tb_9b9380c last\">\n                            <\/div>\n                    <\/div>\n                <\/div>\n                        <\/div>\n        <\/div>\n                        <div  data-css_id=\"ovj7528\" data-lazy=\"1\" class=\"module_row themify_builder_row fullheight fullwidth tb_ovj7528 tf_w\">\n                        <div class=\"row_inner col_align_top gutter-narrow tb_col_count_2 tf_box tf_rel\">\n                        <div  data-lazy=\"1\" class=\"module_column tb-column col4-2 tb_yzs5528 first\">\n                            <div  data-lazy=\"1\" class=\"module_subrow themify_builder_sub_row tf_w col_align_top gutter-narrow tb_col_count_2 tb_kk8o528\">\n                <div  data-lazy=\"1\" class=\"module_column sub_column col4-2 tb_fzgo528 first\">\n                            <\/div>\n                    <div  data-lazy=\"1\" class=\"module_column sub_column col4-2 tb_tcl2528 last\">\n                            <\/div>\n                    <\/div>\n                <\/div>\n                    <div  data-lazy=\"1\" class=\"module_column tb-column col4-2 tb_znyn528 last\">\n                    <!-- module text -->\n<div  class=\"module module-text tb_8vzu528   \" data-lazy=\"1\">\n        <div  class=\"tb_text_wrap\">\n        <h2 style=\"color: #cc0099; font-size: 1.6em; margin-bottom: 5%;\">\u00a0<\/h2>\n<p>F\u00fcr Elektrofahrzeuge sind Ladestationen in der Tiefgarage vorhanden.<\/p>    <\/div>\n<\/div>\n<!-- \/module text -->        <\/div>\n                        <\/div>\n        <\/div>\n        <\/div>\n<!--\/themify_builder_content-->\n\n<\/p>","protected":false},"excerpt":{"rendered":"","protected":false},"author":1,"featured_media":0,"parent":0,"menu_order":0,"comment_status":"closed","ping_status":"closed","template":"","meta":{"footnotes":""},"class_list":["post-860","page","type-page","status-publish","hentry","has-post-title","has-post-date","has-post-category","has-post-tag","has-post-comment","has-post-author",""],"yoast_head":"<!-- This site is optimized with the Yoast SEO plugin v27.5 - https:\/\/yoast.com\/product\/yoast-seo-wordpress\/ -->\n<title>Parken \/ Tiefgarage - Hotel Bomonti<\/title>\n<meta name=\"robots\" content=\"index, follow, max-snippet:-1, max-image-preview:large, max-video-preview:-1\" \/>\n<link rel=\"canonical\" href=\"https:\/\/www.hotel-bomonti.de\/parken-tiefgarage-kostenlose-parkmoeglichkeiten\/\" \/>\n<meta property=\"og:locale\" content=\"de_DE\" \/>\n<meta property=\"og:type\" content=\"article\" \/>\n<meta property=\"og:title\" content=\"Parken \/ Tiefgarage - Hotel Bomonti\" \/>\n<meta property=\"og:url\" content=\"https:\/\/www.hotel-bomonti.de\/parken-tiefgarage-kostenlose-parkmoeglichkeiten\/\" \/>\n<meta property=\"og:site_name\" content=\"Hotel Bomonti\" \/>\n<meta property=\"article:modified_time\" content=\"2026-04-11T20:34:59+00:00\" \/>\n<meta name=\"twitter:card\" content=\"summary_large_image\" \/>\n<meta name=\"twitter:label1\" content=\"Gesch\u00e4tzte Lesezeit\" \/>\n\t<meta name=\"twitter:data1\" content=\"1\u00a0Minute\" \/>\n<script type=\"application\/ld+json\" class=\"yoast-schema-graph\">{\"@context\":\"https:\\\/\\\/schema.org\",\"@graph\":[{\"@type\":\"WebPage\",\"@id\":\"https:\\\/\\\/www.hotel-bomonti.de\\\/de\\\/parken-tiefgarage-kostenlose-parkmoeglichkeiten\\\/\",\"url\":\"https:\\\/\\\/www.hotel-bomonti.de\\\/parken-tiefgarage-kostenlose-parkmoeglichkeiten\\\/\",\"name\":\"Parken \\\/ Tiefgarage - Hotel Bomonti\",\"isPartOf\":{\"@id\":\"https:\\\/\\\/www.hotel-bomonti.de\\\/de\\\/#website\"},\"datePublished\":\"2018-12-05T17:43:30+00:00\",\"dateModified\":\"2026-04-11T20:34:59+00:00\",\"breadcrumb\":{\"@id\":\"https:\\\/\\\/www.hotel-bomonti.de\\\/parken-tiefgarage-kostenlose-parkmoeglichkeiten\\\/#breadcrumb\"},\"inLanguage\":\"de\",\"potentialAction\":[{\"@type\":\"ReadAction\",\"target\":[\"https:\\\/\\\/www.hotel-bomonti.de\\\/parken-tiefgarage-kostenlose-parkmoeglichkeiten\\\/\"]}]},{\"@type\":\"BreadcrumbList\",\"@id\":\"https:\\\/\\\/www.hotel-bomonti.de\\\/parken-tiefgarage-kostenlose-parkmoeglichkeiten\\\/#breadcrumb\",\"itemListElement\":[{\"@type\":\"ListItem\",\"position\":1,\"name\":\"Startseite\",\"item\":\"https:\\\/\\\/www.hotel-bomonti.de\\\/de\\\/\"},{\"@type\":\"ListItem\",\"position\":2,\"name\":\"Parken \\\/ Tiefgarage\"}]},{\"@type\":\"WebSite\",\"@id\":\"https:\\\/\\\/www.hotel-bomonti.de\\\/de\\\/#website\",\"url\":\"https:\\\/\\\/www.hotel-bomonti.de\\\/de\\\/\",\"name\":\"Hotel Bomonti\",\"description\":\"N\u00fcrnberg-West\",\"potentialAction\":[{\"@type\":\"SearchAction\",\"target\":{\"@type\":\"EntryPoint\",\"urlTemplate\":\"https:\\\/\\\/www.hotel-bomonti.de\\\/de\\\/?s={search_term_string}\"},\"query-input\":{\"@type\":\"PropertyValueSpecification\",\"valueRequired\":true,\"valueName\":\"search_term_string\"}}],\"inLanguage\":\"de\"}]}<\/script>\n<!-- \/ Yoast SEO plugin. -->","yoast_head_json":{"title":"Parken \/ Tiefgarage - Hotel Bomonti","robots":{"index":"index","follow":"follow","max-snippet":"max-snippet:-1","max-image-preview":"max-image-preview:large","max-video-preview":"max-video-preview:-1"},"canonical":"https:\/\/www.hotel-bomonti.de\/parken-tiefgarage-kostenlose-parkmoeglichkeiten\/","og_locale":"de_DE","og_type":"article","og_title":"Parken \/ Tiefgarage - Hotel Bomonti","og_url":"https:\/\/www.hotel-bomonti.de\/parken-tiefgarage-kostenlose-parkmoeglichkeiten\/","og_site_name":"Hotel Bomonti","article_modified_time":"2026-04-11T20:34:59+00:00","twitter_card":"summary_large_image","twitter_misc":{"Gesch\u00e4tzte Lesezeit":"1\u00a0Minute"},"schema":{"@context":"https:\/\/schema.org","@graph":[{"@type":"WebPage","@id":"https:\/\/www.hotel-bomonti.de\/de\/parken-tiefgarage-kostenlose-parkmoeglichkeiten\/","url":"https:\/\/www.hotel-bomonti.de\/parken-tiefgarage-kostenlose-parkmoeglichkeiten\/","name":"Parken \/ Tiefgarage - Hotel Bomonti","isPartOf":{"@id":"https:\/\/www.hotel-bomonti.de\/de\/#website"},"datePublished":"2018-12-05T17:43:30+00:00","dateModified":"2026-04-11T20:34:59+00:00","breadcrumb":{"@id":"https:\/\/www.hotel-bomonti.de\/parken-tiefgarage-kostenlose-parkmoeglichkeiten\/#breadcrumb"},"inLanguage":"de","potentialAction":[{"@type":"ReadAction","target":["https:\/\/www.hotel-bomonti.de\/parken-tiefgarage-kostenlose-parkmoeglichkeiten\/"]}]},{"@type":"BreadcrumbList","@id":"https:\/\/www.hotel-bomonti.de\/parken-tiefgarage-kostenlose-parkmoeglichkeiten\/#breadcrumb","itemListElement":[{"@type":"ListItem","position":1,"name":"Startseite","item":"https:\/\/www.hotel-bomonti.de\/de\/"},{"@type":"ListItem","position":2,"name":"Parken \/ Tiefgarage"}]},{"@type":"WebSite","@id":"https:\/\/www.hotel-bomonti.de\/de\/#website","url":"https:\/\/www.hotel-bomonti.de\/de\/","name":"Hotel Bomonti","description":"N\u00fcrnberg-West","potentialAction":[{"@type":"SearchAction","target":{"@type":"EntryPoint","urlTemplate":"https:\/\/www.hotel-bomonti.de\/de\/?s={search_term_string}"},"query-input":{"@type":"PropertyValueSpecification","valueRequired":true,"valueName":"search_term_string"}}],"inLanguage":"de"}]}},"builder_content":"<h2 style=\"color: #cc0099; font-size: 1.6em; margin-bottom: 5%;\">Bei uns finden Sie immer einen guten und sicheren Parkplatz!<\/h2> <p>Sowohl Au\u00dfenstellpl\u00e4tze als auch eine eigene Hotelgarage im Untergeschoss bieten Ihnen gen\u00fcgend Parkm\u00f6glichkeiten. Es gibt gen\u00fcgend \u00f6ffentliche und kostenfreie Parkpl\u00e4tze rund um das Hotel.<\/p> <p>Bei der Anreise und Abreise stehen Ihnen zwei tempor\u00e4re Stellpl\u00e4tze direkt am Eingang zur Verf\u00fcgung.<\/p> <p>Ein Stellplatz in unserer Tiefgarage kostet 10\u20ac\/Nacht und PKW (nach Verf\u00fcgbarkeit).<\/p>\n<h2 style=\"color: #cc0099; font-size: 1.6em; margin-bottom: 5%;\">\u00a0<\/h2> <p>F\u00fcr Elektrofahrzeuge sind Ladestationen in der Tiefgarage vorhanden.<\/p>","_links":{"self":[{"href":"https:\/\/www.hotel-bomonti.de\/de\/wp-json\/wp\/v2\/pages\/860","targetHints":{"allow":["GET"]}}],"collection":[{"href":"https:\/\/www.hotel-bomonti.de\/de\/wp-json\/wp\/v2\/pages"}],"about":[{"href":"https:\/\/www.hotel-bomonti.de\/de\/wp-json\/wp\/v2\/types\/page"}],"author":[{"embeddable":true,"href":"https:\/\/www.hotel-bomonti.de\/de\/wp-json\/wp\/v2\/users\/1"}],"replies":[{"embeddable":true,"href":"https:\/\/www.hotel-bomonti.de\/de\/wp-json\/wp\/v2\/comments?post=860"}],"version-history":[{"count":26,"href":"https:\/\/www.hotel-bomonti.de\/de\/wp-json\/wp\/v2\/pages\/860\/revisions"}],"predecessor-version":[{"id":7302,"href":"https:\/\/www.hotel-bomonti.de\/de\/wp-json\/wp\/v2\/pages\/860\/revisions\/7302"}],"wp:attachment":[{"href":"https:\/\/www.hotel-bomonti.de\/de\/wp-json\/wp\/v2\/media?parent=860"}],"curies":[{"name":"wp","href":"https:\/\/api.w.org\/{rel}","templated":true}]}}