{"id":878,"date":"2018-12-05T17:48:09","date_gmt":"2018-12-05T17:48:09","guid":{"rendered":"http:\/\/bomonti-hotels.de\/?page_id=878"},"modified":"2026-04-11T19:33:21","modified_gmt":"2026-04-11T19:33:21","slug":"zimmer-messe-nuernberg-fuerth-playmobil-funpark","status":"publish","type":"page","link":"https:\/\/www.hotel-bomonti.de\/de\/zimmer-messe-nuernberg-fuerth-playmobil-funpark\/","title":{"rendered":"Zimmer"},"content":{"rendered":"<!--themify_builder_content-->\n<div id=\"themify_builder_content-878\" data-postid=\"878\" class=\"themify_builder_content themify_builder_content-878 themify_builder tf_clear\">\n                    <div  data-anchor=\"zimmerarten\" data-css_id=\"55b7cb5\" data-lazy=\"1\" class=\"module_row themify_builder_row fullheight fullwidth tb_has_section tb_section-zimmerarten tb_55b7cb5 tb_first tf_w hide-mobile\">\n                        <div class=\"row_inner col_align_top gutter-none tb_col_count_4 tf_box tf_rel\">\n                        <div  data-lazy=\"1\" class=\"module_column tb-column col4-1 tb_74fa0b2 first\">\n        <span  class=\"builder_row_cover tf_abs\" data-lazy=\"1\"><\/span>            <!-- module text -->\n<div  class=\"module module-text tb_c59dabc    wow\" data-tf-animation=\"shake\" data-lazy=\"1\">\n        <div  class=\"tb_text_wrap\">\n        <h2 style=\"text-shadow: 2px 2px 5px #000;\"><a href=\/de\/zimmer-messe-nuernberg-fuerth-playmobil-funpark\/einzelzimmer-ideal-fuer-messe-nuernberg-business-fuerth\/\">Einzelzimmer<\/a><\/h2>\n    <\/div>\n<\/div>\n<!-- \/module text -->        <\/div>\n                    <div  data-lazy=\"1\" class=\"module_column tb-column col4-1 tb_f4bcc0d\">\n        <span  class=\"builder_row_cover tf_abs\" data-lazy=\"1\"><\/span>            <!-- module text -->\n<div  class=\"module module-text tb_52b7edd    wow\" data-tf-animation=\"shake\" data-lazy=\"1\">\n        <div  class=\"tb_text_wrap\">\n        <h2 style=\"text-shadow: 2px 2px 5px #000;\"><a href=\"\/de\/zimmer-messe-nuernberg-fuerth-playmobil-funpark\/doppelzimmer-ideal-fuer-messe-nuernberg-business-fuerth\/\">Doppel-<br \/>zimmer<\/a><\/h2>\n    <\/div>\n<\/div>\n<!-- \/module text -->        <\/div>\n                    <div  data-lazy=\"1\" class=\"module_column tb-column col4-1 tb_230fa79\">\n        <span  class=\"builder_row_cover tf_abs\" data-lazy=\"1\"><\/span>            <!-- module text -->\n<div  class=\"module module-text tb_7f0b8aa   \" data-lazy=\"1\">\n        <div  class=\"tb_text_wrap\">\n        <h2 style=\"text-shadow: 2px 2px 5px #000;\"><a href=\"\/de\/zimmer-messe-nuernberg-fuerth-playmobil-funpark\/familienzimmer-ideal-fuer-playmobil-funpark-zirndorf\/\">Familien-<br \/>zimmer<\/a><\/h2>    <\/div>\n<\/div>\n<!-- \/module text -->        <\/div>\n                    <div  data-lazy=\"1\" class=\"module_column tb-column col4-1 tb_859405a last\">\n        <span  class=\"builder_row_cover tf_abs\" data-lazy=\"1\"><\/span>            <!-- module text -->\n<div  class=\"module module-text tb_239e344   \" data-lazy=\"1\">\n        <div  class=\"tb_text_wrap\">\n        <h2 style=\"text-shadow: 2px 2px 5px #000;\"><a href=\"\/de\/zimmer-messe-nuernberg-fuerth-playmobil-funpark\/zimmer-mit-verbindungstueren-connected-rooms-connecting-room\/\">2 Zimmer +<\/a><\/h2>\n<pre style=\"font-family: 'Open Sans';\">mit Verbindungst\u00fcr<\/pre>    <\/div>\n<\/div>\n<!-- \/module text -->        <\/div>\n                        <\/div>\n        <\/div>\n                        <div  data-anchor=\"einzelzimmer\" data-css_id=\"ff7a98c\" data-lazy=\"1\" class=\"module_row themify_builder_row fullwidth tb_has_section tb_section-einzelzimmer tb_ff7a98c tf_w\">\n                        <div class=\"row_inner col_align_top gutter-narrow tb_col_count_2 tf_box tf_rel\">\n                        <div  data-lazy=\"1\" class=\"module_column tb-column col4-2 tb_a1bdf80 first\">\n                    <!-- module text -->\n<div  class=\"module module-text tb_d7b66ac   \" data-lazy=\"1\">\n        <div  class=\"tb_text_wrap\">\n        <br \/>\n    <\/div>\n<\/div>\n<!-- \/module text -->        <\/div>\n                    <div  data-lazy=\"1\" class=\"module_column tb-column col4-2 tb_244dbbe last\">\n                    <!-- module text -->\n<div  class=\"module module-text tb_e44c231   \" data-lazy=\"1\">\n        <div  class=\"tb_text_wrap\">\n        <h2 style=\"text-align: center;\">Einzelzimmer<\/h2>\n<h3 style=\"text-align: center;\">\u00dcberzeugender Einzelzimmerkomfort<\/h3>\n<p style=\"text-align: center;\">Unsere ca. 16 m\u00b2 gro\u00dfen, klimatisierten Einzelzimmer bestechen durch exklusives Wohndesign, das keine W\u00fcnsche offen l\u00e4sst.<\/p>    <\/div>\n<\/div>\n<!-- \/module text --><!-- module buttons -->\n<div  class=\"module module-buttons tb_84b1c4c buttons-horizontal outline  large squared\" data-lazy=\"1\">\n        <div class=\"module-buttons-item tf_in_flx\">\n                        <a href=\"\/einzelzimmer-ideal-fuer-messe-nuernberg-business-fuerth\/\" class=\"ui builder_button tf_in_flx gray\" >\n                                                Details                                        <\/a>\n                <\/div>\n            <\/div>\n<!-- \/module buttons -->\n        <\/div>\n                        <\/div>\n        <\/div>\n                        <div  data-anchor=\"doppelzimmer\" data-css_id=\"6655308\" data-lazy=\"1\" class=\"module_row themify_builder_row fullheight fullwidth tb_has_section tb_section-doppelzimmer tb_6655308 tf_w\">\n                        <div class=\"row_inner col_align_top gutter-narrow tb_col_count_2 tf_box tf_rel\">\n                        <div  data-lazy=\"1\" class=\"module_column tb-column col4-2 tb_9144733 first\">\n                    <!-- module text -->\n<div  class=\"module module-text tb_4aa9de1   \" data-lazy=\"1\">\n        <div  class=\"tb_text_wrap\">\n        <h2 style=\"text-align: center;\">Doppelzimmer<\/h2>\n<h3 style=\"text-align: center;\">Durchatmen und entspannen!<\/h3>\n<p style=\"text-align: center;\">Unsere ca. 22 m\u00b2 gro\u00dfen, klimatisierten Einzelzimmer bestechen durch exklusives Wohndesign, das keine W\u00fcnsche offen l\u00e4sst.<\/p>    <\/div>\n<\/div>\n<!-- \/module text --><!-- module buttons -->\n<div  class=\"module module-buttons tb_8knu444 buttons-horizontal outline  large squared\" data-lazy=\"1\">\n        <div class=\"module-buttons-item tf_in_flx\">\n                        <a href=\"\/doppelzimmer-ideal-fuer-messe-nuernberg-business-fuerth\/\" class=\"ui builder_button tf_in_flx gray\" >\n                                                Details                                        <\/a>\n                <\/div>\n            <\/div>\n<!-- \/module buttons -->\n        <\/div>\n                    <div  data-lazy=\"1\" class=\"module_column tb-column col4-2 tb_8e1e4d1 last\">\n                    <!-- module text -->\n<div  class=\"module module-text tb_be2de14   \" data-lazy=\"1\">\n        <div  class=\"tb_text_wrap\">\n        <br \/>\n    <\/div>\n<\/div>\n<!-- \/module text -->        <\/div>\n                        <\/div>\n        <\/div>\n                        <div  data-anchor=\"familienzimmer\" data-css_id=\"0aabe53\" data-lazy=\"1\" class=\"module_row themify_builder_row fullwidth tb_has_section tb_section-familienzimmer tb_0aabe53 tf_w\">\n                        <div class=\"row_inner col_align_top gutter-narrow tb_col_count_2 tf_box tf_rel\">\n                        <div  data-lazy=\"1\" class=\"module_column tb-column col4-2 tb_ebd016f first\">\n                    <!-- module text -->\n<div  class=\"module module-text tb_e4dc246   \" data-lazy=\"1\">\n        <div  class=\"tb_text_wrap\">\n        <br \/>\n    <\/div>\n<\/div>\n<!-- \/module text -->        <\/div>\n                    <div  data-lazy=\"1\" class=\"module_column tb-column col4-2 tb_6d9a513 last\">\n                    <!-- module text -->\n<div  class=\"module module-text tb_c94e6eb   \" data-lazy=\"1\">\n        <div  class=\"tb_text_wrap\">\n        <h2 style=\"text-align: center;\">Familienzimmer<\/h2>\n<h3 style=\"text-align: center;\">Viel Platz f\u00fcr die Familie!<\/h3>\n<p style=\"text-align: center;\">Unsere ca. 28-33 m\u00b2 gro\u00dfen Familienzimmer bieten genug Platz f\u00fcr zwei Erwachsene und bis zu drei Kinder im Alter bis zw\u00f6lf Jahren.<\/p>    <\/div>\n<\/div>\n<!-- \/module text --><!-- module buttons -->\n<div  class=\"module module-buttons tb_hhxv029 buttons-horizontal outline  large squared\" data-lazy=\"1\">\n        <div class=\"module-buttons-item tf_in_flx\">\n                        <a href=\"\/familienzimmer-ideal-fuer-playmobil-funpark\/\" class=\"ui builder_button tf_in_flx gray\" >\n                                                Details                                        <\/a>\n                <\/div>\n            <\/div>\n<!-- \/module buttons -->\n        <\/div>\n                        <\/div>\n        <\/div>\n                        <div  data-anchor=\"doppelzimmer-++\" data-css_id=\"a5c1d20\" data-lazy=\"1\" class=\"module_row themify_builder_row fullheight fullwidth tb_has_section tb_section-doppelzimmer-++ tb_a5c1d20 tf_w\">\n                        <div class=\"row_inner col_align_top gutter-narrow tb_col_count_2 tf_box tf_rel\">\n                        <div  data-lazy=\"1\" class=\"module_column tb-column col4-2 tb_9402914 first\">\n                    <!-- module text -->\n<div  class=\"module module-text tb_fb33cc0   \" data-lazy=\"1\">\n        <div  class=\"tb_text_wrap\">\n        <h2 style=\"text-align: center;\">2 Zimmer<br \/>mit Verbindungst\u00fcren<\/h2>\n<h3 style=\"text-align: center;\">Entspannung durch Verbundenheit!<\/h3>\n<p style=\"text-align: center;\">Einige Familienzimmer und Doppelzimmer verf\u00fcgen \u00fcber Verbindungst\u00fcren (\u201eConnecting Doors\u201d).\u00a0Dank dieser Durchgangst\u00fcren k\u00f6nnen Eltern bequem und ungest\u00f6rt im eigenen Zimmer schlafen, haben jedoch jederzeit Zugang zu ihren\u00a0Kindern.<\/p>    <\/div>\n<\/div>\n<!-- \/module text --><!-- module buttons -->\n<div  class=\"module module-buttons tb_2qg5809 buttons-horizontal outline  large squared\" data-lazy=\"1\">\n        <div class=\"module-buttons-item tf_in_flx\">\n                        <a href=\"\/doppelzimmer-mit-verbindungstueren\/\" class=\"ui builder_button tf_in_flx gray\" >\n                                                Details                                        <\/a>\n                <\/div>\n            <\/div>\n<!-- \/module buttons -->\n        <\/div>\n                    <div  data-lazy=\"1\" class=\"module_column tb-column col4-2 tb_e4fecb7 last\">\n                            <\/div>\n                        <\/div>\n        <\/div>\n        <\/div>\n<!--\/themify_builder_content-->","protected":false},"excerpt":{"rendered":"","protected":false},"author":1,"featured_media":0,"parent":0,"menu_order":0,"comment_status":"closed","ping_status":"closed","template":"","meta":{"footnotes":""},"class_list":["post-878","page","type-page","status-publish","hentry","has-post-title","has-post-date","has-post-category","has-post-tag","has-post-comment","has-post-author",""],"yoast_head":"<!-- This site is optimized with the Yoast SEO plugin v27.4 - https:\/\/yoast.com\/product\/yoast-seo-wordpress\/ -->\n<title>Zimmer Hotel Bomonti N\u00fcrnberg West Oberasbach Zirndorf Stein F\u00fcrth<\/title>\n<meta name=\"description\" content=\"Zimmerarten im 4* Hotel Bomonti N\u00fcrnberg-West in Oberasbach. In der unmittelbaren N\u00e4he befinden sich die St\u00e4dte Zirndorf, Stein und N\u00fcrnberg.\" \/>\n<meta name=\"robots\" content=\"index, follow, max-snippet:-1, max-image-preview:large, max-video-preview:-1\" \/>\n<link rel=\"canonical\" href=\"https:\/\/www.hotel-bomonti.de\/zimmer-messe-nuernberg-fuerth-playmobil-funpark\/\" \/>\n<meta property=\"og:locale\" content=\"de_DE\" \/>\n<meta property=\"og:type\" content=\"article\" \/>\n<meta property=\"og:title\" content=\"Zimmer Hotel Bomonti N\u00fcrnberg West Oberasbach Zirndorf Stein F\u00fcrth\" \/>\n<meta property=\"og:description\" content=\"Zimmerarten im 4* Hotel Bomonti N\u00fcrnberg-West in Oberasbach. In der unmittelbaren N\u00e4he befinden sich die St\u00e4dte Zirndorf, Stein und N\u00fcrnberg.\" \/>\n<meta property=\"og:url\" content=\"https:\/\/www.hotel-bomonti.de\/zimmer-messe-nuernberg-fuerth-playmobil-funpark\/\" \/>\n<meta property=\"og:site_name\" content=\"Hotel Bomonti\" \/>\n<meta property=\"article:modified_time\" content=\"2026-04-11T19:33:21+00:00\" \/>\n<meta name=\"twitter:card\" content=\"summary_large_image\" \/>\n<meta name=\"twitter:label1\" content=\"Gesch\u00e4tzte Lesezeit\" \/>\n\t<meta name=\"twitter:data1\" content=\"2\u00a0Minuten\" \/>\n<script type=\"application\/ld+json\" class=\"yoast-schema-graph\">{\"@context\":\"https:\\\/\\\/schema.org\",\"@graph\":[{\"@type\":\"WebPage\",\"@id\":\"https:\\\/\\\/www.hotel-bomonti.de\\\/de\\\/zimmer-messe-nuernberg-fuerth-playmobil-funpark\\\/\",\"url\":\"https:\\\/\\\/www.hotel-bomonti.de\\\/zimmer-messe-nuernberg-fuerth-playmobil-funpark\\\/\",\"name\":\"Zimmer Hotel Bomonti N\u00fcrnberg West Oberasbach Zirndorf Stein F\u00fcrth\",\"isPartOf\":{\"@id\":\"https:\\\/\\\/www.hotel-bomonti.de\\\/de\\\/#website\"},\"datePublished\":\"2018-12-05T17:48:09+00:00\",\"dateModified\":\"2026-04-11T19:33:21+00:00\",\"description\":\"Zimmerarten im 4* Hotel Bomonti N\u00fcrnberg-West in Oberasbach. In der unmittelbaren N\u00e4he befinden sich die St\u00e4dte Zirndorf, Stein und N\u00fcrnberg.\",\"breadcrumb\":{\"@id\":\"https:\\\/\\\/www.hotel-bomonti.de\\\/zimmer-messe-nuernberg-fuerth-playmobil-funpark\\\/#breadcrumb\"},\"inLanguage\":\"de\",\"potentialAction\":[{\"@type\":\"ReadAction\",\"target\":[\"https:\\\/\\\/www.hotel-bomonti.de\\\/zimmer-messe-nuernberg-fuerth-playmobil-funpark\\\/\"]}]},{\"@type\":\"BreadcrumbList\",\"@id\":\"https:\\\/\\\/www.hotel-bomonti.de\\\/zimmer-messe-nuernberg-fuerth-playmobil-funpark\\\/#breadcrumb\",\"itemListElement\":[{\"@type\":\"ListItem\",\"position\":1,\"name\":\"Startseite\",\"item\":\"https:\\\/\\\/www.hotel-bomonti.de\\\/de\\\/\"},{\"@type\":\"ListItem\",\"position\":2,\"name\":\"Zimmer\"}]},{\"@type\":\"WebSite\",\"@id\":\"https:\\\/\\\/www.hotel-bomonti.de\\\/de\\\/#website\",\"url\":\"https:\\\/\\\/www.hotel-bomonti.de\\\/de\\\/\",\"name\":\"Hotel Bomonti\",\"description\":\"N\u00fcrnberg-West\",\"potentialAction\":[{\"@type\":\"SearchAction\",\"target\":{\"@type\":\"EntryPoint\",\"urlTemplate\":\"https:\\\/\\\/www.hotel-bomonti.de\\\/de\\\/?s={search_term_string}\"},\"query-input\":{\"@type\":\"PropertyValueSpecification\",\"valueRequired\":true,\"valueName\":\"search_term_string\"}}],\"inLanguage\":\"de\"}]}<\/script>\n<!-- \/ Yoast SEO plugin. -->","yoast_head_json":{"title":"Zimmer Hotel Bomonti N\u00fcrnberg West Oberasbach Zirndorf Stein F\u00fcrth","description":"Zimmerarten im 4* Hotel Bomonti N\u00fcrnberg-West in Oberasbach. In der unmittelbaren N\u00e4he befinden sich die St\u00e4dte Zirndorf, Stein und N\u00fcrnberg.","robots":{"index":"index","follow":"follow","max-snippet":"max-snippet:-1","max-image-preview":"max-image-preview:large","max-video-preview":"max-video-preview:-1"},"canonical":"https:\/\/www.hotel-bomonti.de\/zimmer-messe-nuernberg-fuerth-playmobil-funpark\/","og_locale":"de_DE","og_type":"article","og_title":"Zimmer Hotel Bomonti N\u00fcrnberg West Oberasbach Zirndorf Stein F\u00fcrth","og_description":"Zimmerarten im 4* Hotel Bomonti N\u00fcrnberg-West in Oberasbach. In der unmittelbaren N\u00e4he befinden sich die St\u00e4dte Zirndorf, Stein und N\u00fcrnberg.","og_url":"https:\/\/www.hotel-bomonti.de\/zimmer-messe-nuernberg-fuerth-playmobil-funpark\/","og_site_name":"Hotel Bomonti","article_modified_time":"2026-04-11T19:33:21+00:00","twitter_card":"summary_large_image","twitter_misc":{"Gesch\u00e4tzte Lesezeit":"2\u00a0Minuten"},"schema":{"@context":"https:\/\/schema.org","@graph":[{"@type":"WebPage","@id":"https:\/\/www.hotel-bomonti.de\/de\/zimmer-messe-nuernberg-fuerth-playmobil-funpark\/","url":"https:\/\/www.hotel-bomonti.de\/zimmer-messe-nuernberg-fuerth-playmobil-funpark\/","name":"Zimmer Hotel Bomonti N\u00fcrnberg West Oberasbach Zirndorf Stein F\u00fcrth","isPartOf":{"@id":"https:\/\/www.hotel-bomonti.de\/de\/#website"},"datePublished":"2018-12-05T17:48:09+00:00","dateModified":"2026-04-11T19:33:21+00:00","description":"Zimmerarten im 4* Hotel Bomonti N\u00fcrnberg-West in Oberasbach. In der unmittelbaren N\u00e4he befinden sich die St\u00e4dte Zirndorf, Stein und N\u00fcrnberg.","breadcrumb":{"@id":"https:\/\/www.hotel-bomonti.de\/zimmer-messe-nuernberg-fuerth-playmobil-funpark\/#breadcrumb"},"inLanguage":"de","potentialAction":[{"@type":"ReadAction","target":["https:\/\/www.hotel-bomonti.de\/zimmer-messe-nuernberg-fuerth-playmobil-funpark\/"]}]},{"@type":"BreadcrumbList","@id":"https:\/\/www.hotel-bomonti.de\/zimmer-messe-nuernberg-fuerth-playmobil-funpark\/#breadcrumb","itemListElement":[{"@type":"ListItem","position":1,"name":"Startseite","item":"https:\/\/www.hotel-bomonti.de\/de\/"},{"@type":"ListItem","position":2,"name":"Zimmer"}]},{"@type":"WebSite","@id":"https:\/\/www.hotel-bomonti.de\/de\/#website","url":"https:\/\/www.hotel-bomonti.de\/de\/","name":"Hotel Bomonti","description":"N\u00fcrnberg-West","potentialAction":[{"@type":"SearchAction","target":{"@type":"EntryPoint","urlTemplate":"https:\/\/www.hotel-bomonti.de\/de\/?s={search_term_string}"},"query-input":{"@type":"PropertyValueSpecification","valueRequired":true,"valueName":"search_term_string"}}],"inLanguage":"de"}]}},"builder_content":"<h2 style=\"text-shadow: 2px 2px 5px #000;\"><a href=\/de\/zimmer-messe-nuernberg-fuerth-playmobil-funpark\/einzelzimmer-ideal-fuer-messe-nuernberg-business-fuerth\/\">Einzelzimmer<\/a><\/h2>\n<h2 style=\"text-shadow: 2px 2px 5px #000;\"><a href=\"\/de\/zimmer-messe-nuernberg-fuerth-playmobil-funpark\/doppelzimmer-ideal-fuer-messe-nuernberg-business-fuerth\/\">Doppel-<br \/>zimmer<\/a><\/h2>\n<h2 style=\"text-shadow: 2px 2px 5px #000;\"><a href=\"\/de\/zimmer-messe-nuernberg-fuerth-playmobil-funpark\/familienzimmer-ideal-fuer-playmobil-funpark-zirndorf\/\">Familien-<br \/>zimmer<\/a><\/h2>\n<h2 style=\"text-shadow: 2px 2px 5px #000;\"><a href=\"\/de\/zimmer-messe-nuernberg-fuerth-playmobil-funpark\/zimmer-mit-verbindungstueren-connected-rooms-connecting-room\/\">2 Zimmer +<\/a><\/h2> <pre style=\"font-family: 'Open Sans';\">mit Verbindungst\u00fcr<\/pre>\n<br \/>\n<h2 style=\"text-align: center;\">Einzelzimmer<\/h2> <h3 style=\"text-align: center;\">\u00dcberzeugender Einzelzimmerkomfort<\/h3> <p style=\"text-align: center;\">Unsere ca. 16 m\u00b2 gro\u00dfen, klimatisierten Einzelzimmer bestechen durch exklusives Wohndesign, das keine W\u00fcnsche offen l\u00e4sst.<\/p>\n<a href=\"\/einzelzimmer-ideal-fuer-messe-nuernberg-business-fuerth\/\" > Details <\/a>\n<h2 style=\"text-align: center;\">Doppelzimmer<\/h2> <h3 style=\"text-align: center;\">Durchatmen und entspannen!<\/h3> <p style=\"text-align: center;\">Unsere ca. 22 m\u00b2 gro\u00dfen, klimatisierten Einzelzimmer bestechen durch exklusives Wohndesign, das keine W\u00fcnsche offen l\u00e4sst.<\/p>\n<a href=\"\/doppelzimmer-ideal-fuer-messe-nuernberg-business-fuerth\/\" > Details <\/a>\n<br \/>\n<br \/>\n<h2 style=\"text-align: center;\">Familienzimmer<\/h2> <h3 style=\"text-align: center;\">Viel Platz f\u00fcr die Familie!<\/h3> <p style=\"text-align: center;\">Unsere ca. 28-33 m\u00b2 gro\u00dfen Familienzimmer bieten genug Platz f\u00fcr zwei Erwachsene und bis zu drei Kinder im Alter bis zw\u00f6lf Jahren.<\/p>\n<a href=\"\/familienzimmer-ideal-fuer-playmobil-funpark\/\" > Details <\/a>\n<h2 style=\"text-align: center;\">2 Zimmer<br \/>mit Verbindungst\u00fcren<\/h2> <h3 style=\"text-align: center;\">Entspannung durch Verbundenheit!<\/h3> <p style=\"text-align: center;\">Einige Familienzimmer und Doppelzimmer verf\u00fcgen \u00fcber Verbindungst\u00fcren (\u201eConnecting Doors\u201d).\u00a0Dank dieser Durchgangst\u00fcren k\u00f6nnen Eltern bequem und ungest\u00f6rt im eigenen Zimmer schlafen, haben jedoch jederzeit Zugang zu ihren\u00a0Kindern.<\/p>\n<a href=\"\/doppelzimmer-mit-verbindungstueren\/\" > Details <\/a>","_links":{"self":[{"href":"https:\/\/www.hotel-bomonti.de\/de\/wp-json\/wp\/v2\/pages\/878","targetHints":{"allow":["GET"]}}],"collection":[{"href":"https:\/\/www.hotel-bomonti.de\/de\/wp-json\/wp\/v2\/pages"}],"about":[{"href":"https:\/\/www.hotel-bomonti.de\/de\/wp-json\/wp\/v2\/types\/page"}],"author":[{"embeddable":true,"href":"https:\/\/www.hotel-bomonti.de\/de\/wp-json\/wp\/v2\/users\/1"}],"replies":[{"embeddable":true,"href":"https:\/\/www.hotel-bomonti.de\/de\/wp-json\/wp\/v2\/comments?post=878"}],"version-history":[{"count":62,"href":"https:\/\/www.hotel-bomonti.de\/de\/wp-json\/wp\/v2\/pages\/878\/revisions"}],"predecessor-version":[{"id":7233,"href":"https:\/\/www.hotel-bomonti.de\/de\/wp-json\/wp\/v2\/pages\/878\/revisions\/7233"}],"wp:attachment":[{"href":"https:\/\/www.hotel-bomonti.de\/de\/wp-json\/wp\/v2\/media?parent=878"}],"curies":[{"name":"wp","href":"https:\/\/api.w.org\/{rel}","templated":true}]}}