{"id":920,"date":"2018-12-05T17:50:51","date_gmt":"2018-12-05T17:50:51","guid":{"rendered":"http:\/\/bomonti-hotels.de\/?page_id=920"},"modified":"2024-10-08T11:28:28","modified_gmt":"2024-10-08T11:28:28","slug":"kontakt-kontaktformular-anfrage-nuernberg-fuerth-oberasbach-zirndorf-stein","status":"publish","type":"page","link":"https:\/\/www.hotel-bomonti.de\/de\/kontakt-kontaktformular-anfrage-nuernberg-fuerth-oberasbach-zirndorf-stein\/","title":{"rendered":"Kontakt"},"content":{"rendered":"<p><\/p>\n<!--themify_builder_content-->\n<div id=\"themify_builder_content-920\" data-postid=\"920\" class=\"themify_builder_content themify_builder_content-920 themify_builder tf_clear\">\n                    <div  data-anchor=\"kontakt\" data-css_id=\"19dcc3a\" data-lazy=\"1\" class=\"module_row themify_builder_row fullwidth tb_has_section tb_section-kontakt tb_19dcc3a tb_first tf_w\">\n                        <div class=\"row_inner col_align_top gutter-none tb_col_count_2 tf_box tf_rel\">\n                        <div  data-lazy=\"1\" class=\"module_column tb-column col4-2 tb_227adae first\">\n                    <!-- module plain text -->\n<div  class=\"module module-plain-text tb_ea92f80 \" data-lazy=\"1\">\n        <div class=\"tb_text_wrap\">\n    <div style=\"height:250px;\"><\/div>    <\/div>\n<\/div>\n<!-- \/module plain text -->        <\/div>\n                    <div  data-lazy=\"1\" class=\"module_column tb-column col4-2 tb_5c477c1 last\">\n                    <!-- module text -->\n<div  class=\"module module-text tb_523861b   \" data-lazy=\"1\">\n        <div  class=\"tb_text_wrap\">\n        <h2 style=\"text-align: left;\">Wir h\u00f6ren gerne von Ihnen!<\/h2>    <\/div>\n<\/div>\n<!-- \/module text --><!-- module text -->\n<div  class=\"module module-text tb_141bd53   \" data-lazy=\"1\">\n        <div  class=\"tb_text_wrap\">\n        <p>bomonti Hotel N\u00fcrnberg-West<br>Stollberger Stra\u00dfe 1<br>(Ecke Oberasbacher Stra\u00dfe)<br>90522 Oberasbach bei N\u00fcrnberg, Deutschland<\/p>\n<p>Tel. +49 (0) 911 99 96 99 0<br>Fax +49 (0) 911 99 96 99 29<\/p>\n<p>E-Mail: <a href=\"mailto:info@bomonti-hotels.com\">info@bomonti-hotels.com<\/a><\/p>\n<p><a href=\"https:\/\/api.whatsapp.com\/send?phone=4915752919542\"><img decoding=\"async\" src=\"\/wp-content\/uploads\/whatsApp.png\" width=\"20\"> WhatsApp +49 1575 2919542<\/a><\/p>    <\/div>\n<\/div>\n<!-- \/module text -->        <div  data-lazy=\"1\" class=\"module_subrow themify_builder_sub_row tf_w col_align_top tb_col_count_2 tb_7edb797\">\n                <div  data-lazy=\"1\" class=\"module_column sub_column col4-2 tb_471f0a4 first\">\n                    <!-- module buttons -->\n<div  class=\"module module-buttons tb_e382c4f buttons-horizontal outline  small squared buttons-fullwidth\" data-lazy=\"1\">\n        <div class=\"module-buttons-item tf_in_flx\">\n                        <a href=\"#anfahrt\" class=\"ui builder_button tf_in_flx tb_default_color\" >\n                                                Anfahrt                                        <\/a>\n                <\/div>\n            <\/div>\n<!-- \/module buttons -->\n        <\/div>\n                    <div  data-lazy=\"1\" class=\"module_column sub_column col4-2 tb_2b0a4ec last\">\n                    <!-- module buttons -->\n<div  class=\"module module-buttons tb_as9c000 buttons-horizontal outline  small squared buttons-fullwidth\" data-lazy=\"1\">\n        <div class=\"module-buttons-item tf_in_flx\">\n                        <a href=\"#kontaktformular\" class=\"ui builder_button tf_in_flx tb_default_color\" >\n                                                Kontaktformular                                        <\/a>\n                <\/div>\n            <\/div>\n<!-- \/module buttons -->\n        <\/div>\n                    <\/div>\n        <!-- module text -->\n<div  class=\"module module-text tb_6i2e406   \" data-lazy=\"1\">\n        <div  class=\"tb_text_wrap\">\n        <p><a href=\"\/impressum\">Impressum<\/a> | <a href=\"\/datenschutz\">Datenschutz<\/a><\/p>    <\/div>\n<\/div>\n<!-- \/module text -->        <\/div>\n                        <\/div>\n        <\/div>\n                        <div  data-anchor=\"kontaktformular\" data-css_id=\"df2f79e\" data-lazy=\"1\" class=\"module_row themify_builder_row fullwidth tb_has_section tb_section-kontaktformular tb_df2f79e tf_w\">\n                        <div class=\"row_inner col_align_top gutter-none tb_col_count_2 tf_box tf_rel\">\n                        <div  data-lazy=\"1\" class=\"module_column tb-column col4-2 tb_2cfe66e first\">\n                    <!-- module text -->\n<div  class=\"module module-text tb_91b18ed   \" data-lazy=\"1\">\n        <div  class=\"tb_text_wrap\">\n        <h2>Kontaktformular<\/h2>\n\n<div class=\"wpcf7 no-js\" id=\"wpcf7-f980-o1\" lang=\"de-DE\" dir=\"ltr\" data-wpcf7-id=\"980\">\n<div class=\"screen-reader-response\"><p role=\"status\" aria-live=\"polite\" aria-atomic=\"true\"><\/p> <ul><\/ul><\/div>\n<form action=\"\/de\/wp-json\/wp\/v2\/pages\/920#wpcf7-f980-o1\" method=\"post\" class=\"wpcf7-form init\" aria-label=\"Kontaktformular\" novalidate=\"novalidate\" data-status=\"init\">\n<fieldset class=\"hidden-fields-container\"><input type=\"hidden\" name=\"_wpcf7\" value=\"980\" \/><input type=\"hidden\" name=\"_wpcf7_version\" value=\"6.1.5\" \/><input type=\"hidden\" name=\"_wpcf7_locale\" value=\"de_DE\" \/><input type=\"hidden\" name=\"_wpcf7_unit_tag\" value=\"wpcf7-f980-o1\" \/><input type=\"hidden\" name=\"_wpcf7_container_post\" value=\"0\" \/><input type=\"hidden\" name=\"_wpcf7_posted_data_hash\" value=\"\" \/>\n<\/fieldset>\n<div class=\"wps-form\">\n\t<div class=\"wps-form-row\">\n\t\t<div class=\"wps-form-column\">\n\t\t\t<p><label>Ihr Name *<\/label><br \/>\n<span class=\"wpcf7-form-control-wrap\" data-name=\"ihr-name\"><input size=\"40\" maxlength=\"400\" class=\"wpcf7-form-control wpcf7-text wpcf7-validates-as-required\" aria-required=\"true\" aria-invalid=\"false\" value=\"\" type=\"text\" name=\"ihr-name\" \/><\/span>\n\t\t\t<\/p>\n\t\t<\/div>\n\t\t<div class=\"wps-form-column\">\n\t\t\t<p><label>Ihre E-Mail *<\/label><br \/>\n<span class=\"wpcf7-form-control-wrap\" data-name=\"ihre-email\"><input size=\"40\" maxlength=\"400\" class=\"wpcf7-form-control wpcf7-email wpcf7-validates-as-required wpcf7-text wpcf7-validates-as-email\" aria-required=\"true\" aria-invalid=\"false\" value=\"\" type=\"email\" name=\"ihre-email\" \/><\/span>\n\t\t\t<\/p>\n\t\t<\/div>\n\t<\/div>\n\t<div class=\"wps-form-row\">\n\t\t<div class=\"wps-form-column\" style=\"margin-top:-40px!important;\">\n\t\t\t<p><label>Ihre Nachricht *<\/label><br \/>\n<span class=\"wpcf7-form-control-wrap\" data-name=\"ihre-nachricht\"><textarea cols=\"40\" rows=\"10\" maxlength=\"2000\" class=\"wpcf7-form-control wpcf7-textarea wpcf7-validates-as-required\" aria-required=\"true\" aria-invalid=\"false\" name=\"ihre-nachricht\"><\/textarea><\/span>\n\t\t\t<\/p>\n\t\t<\/div>\n\t<\/div>\n\t<p style=\"font-size:75%; margin-bottom:12px; margin-top:-55px;\">Wir verwenden Ihre Angaben zur Beantwortung Ihrer Anfrage. Weitere Informationen finden Sie in unserer <a href=\"\/datenschutz\/\" target=\"_blank\"><u>Datenschutzerkl\u00e4rung<\/u><\/a>. \/\/ * Pflichtfelder\n\t<\/p>\n\t<p><input class=\"wpcf7-form-control wpcf7-submit has-spinner\" type=\"submit\" value=\"Senden\" \/>\n\t<\/p>\n<\/div><div class=\"wpcf7-response-output\" aria-hidden=\"true\"><\/div>\n<\/form>\n<\/div>\n    <\/div>\n<\/div>\n<!-- \/module text -->        <\/div>\n                    <div  data-lazy=\"1\" class=\"module_column tb-column col4-2 tb_9a56098 last\">\n                    <!-- module plain text -->\n<div  class=\"module module-plain-text tb_b390604 \" data-lazy=\"1\">\n        <div class=\"tb_text_wrap\">\n    <div style=\"height:250px;\"><\/div>    <\/div>\n<\/div>\n<!-- \/module plain text -->        <\/div>\n                        <\/div>\n        <\/div>\n                        <div  data-anchor=\"anfahrt\" data-css_id=\"be8ebc0\" data-lazy=\"1\" class=\"module_row themify_builder_row fullwidth tb_has_section tb_section-anfahrt tb_be8ebc0 tf_w\">\n                        <div class=\"row_inner col_align_top gutter-none tb_col_count_2 tf_box tf_rel\">\n                        <div  data-lazy=\"1\" class=\"module_column tb-column col4-2 tb_1afde98 first\">\n                            <\/div>\n                    <div  data-lazy=\"1\" class=\"module_column tb-column col4-2 tb_5d304d8 last\">\n                    <!-- module text -->\n<div  class=\"module module-text tb_531aa2d   \" data-lazy=\"1\">\n        <div  class=\"tb_text_wrap\">\n        <h2>Anfahrt<\/h2>\n    <\/div>\n<\/div>\n<!-- \/module text --><!-- module text -->\n<div  class=\"module module-text tb_7b05911   \" data-lazy=\"1\">\n        <div  class=\"tb_text_wrap\">\n        <p style=\"text-align: center;\"><a href=\"https:\/\/www.google.com\/maps\/dir\/\/Hotel+Bomonti+N%C3%BCrnberg-West,+Stollberger+Stra%C3%9Fe+1,+90522+Oberasbach+bei+N%C3%BCrnberg,+Deutschland\/@49.432,10.8860553,12z\/data=!3m1!4b1!4m8!4m7!1m0!1m5!1m1!1s0x479f5464374e625f:0xcc0124de6dab5e21!2m2!1d10.9560949!2d49.4320211\" target=\"_blank\" rel=\"noopener\"><img decoding=\"async\" title=\"F\u00fcr Kartenansicht bitte klicken!\" src=\"\/wp-content\/uploads\/hotel-bomonti-nuernberg-west-map.png\" \/><\/a><\/p>\n<form action=\"http:\/\/maps.google.com\/maps\" method=\"get\" target=\"_blank\">\n<div style=\"margin: 4px 0px 0px 20px; text-align: center;\"><input name=\"saddr\" type=\"text\" placeholder=\"Startadresse\" \/><br \/>\n<input name=\"daddr\" type=\"hidden\" value=\"Hotel Bomonti N\u00fcrnberg-West, Stollberger Str. 1, 90522 Oberasbach bei N\u00fcrnberg, Deutschland\" \/><button style=\"margin-top: 10px; margin-bottom: 15px;\" type=\"submit\">Routenplanung<\/button><\/div>\n<\/form>\n    <\/div>\n<\/div>\n<!-- \/module text --><!-- module text -->\n<div  class=\"module module-text tb_bc55e32   \" data-lazy=\"1\">\n        <div  class=\"tb_text_wrap\">\n            <\/div>\n<\/div>\n<!-- \/module text -->        <\/div>\n                        <\/div>\n        <\/div>\n        <\/div>\n<!--\/themify_builder_content-->","protected":false},"excerpt":{"rendered":"","protected":false},"author":1,"featured_media":0,"parent":0,"menu_order":0,"comment_status":"closed","ping_status":"closed","template":"","meta":{"footnotes":""},"class_list":["post-920","page","type-page","status-publish","hentry","has-post-title","has-post-date","has-post-category","has-post-tag","has-post-comment","has-post-author",""],"yoast_head":"<!-- This site is optimized with the Yoast SEO plugin v27.3 - https:\/\/yoast.com\/product\/yoast-seo-wordpress\/ -->\n<title>Kontakt Bomonti Hotels GmbH in Oberasbach bei N\u00fcrnberg<\/title>\n<meta name=\"description\" content=\"Stollberger Stra\u00dfe 1 (Ecke Oberasbacher Stra\u00dfe) in 90522 Oberasbach bei N\u00fcrnberg, Deutschland. Tel. +49-911-9996990 | E-Mail info@bomonti-hotels.com\" \/>\n<meta name=\"robots\" content=\"index, follow, max-snippet:-1, max-image-preview:large, max-video-preview:-1\" \/>\n<link rel=\"canonical\" href=\"https:\/\/www.hotel-bomonti.de\/kontakt-kontaktformular-anfrage-nuernberg-fuerth-oberasbach-zirndorf-stein\/\" \/>\n<meta property=\"og:locale\" content=\"de_DE\" \/>\n<meta property=\"og:type\" content=\"article\" \/>\n<meta property=\"og:title\" content=\"Kontakt Bomonti Hotels GmbH in Oberasbach bei N\u00fcrnberg\" \/>\n<meta property=\"og:description\" content=\"Stollberger Stra\u00dfe 1 (Ecke Oberasbacher Stra\u00dfe) in 90522 Oberasbach bei N\u00fcrnberg, Deutschland. Tel. +49-911-9996990 | E-Mail info@bomonti-hotels.com\" \/>\n<meta property=\"og:url\" content=\"https:\/\/www.hotel-bomonti.de\/kontakt-kontaktformular-anfrage-nuernberg-fuerth-oberasbach-zirndorf-stein\/\" \/>\n<meta property=\"og:site_name\" content=\"Hotel Bomonti\" \/>\n<meta property=\"article:modified_time\" content=\"2024-10-08T11:28:28+00:00\" \/>\n<meta name=\"twitter:card\" content=\"summary_large_image\" \/>\n<meta name=\"twitter:label1\" content=\"Gesch\u00e4tzte Lesezeit\" \/>\n\t<meta name=\"twitter:data1\" content=\"1\u00a0Minute\" \/>\n<script type=\"application\/ld+json\" class=\"yoast-schema-graph\">{\"@context\":\"https:\\\/\\\/schema.org\",\"@graph\":[{\"@type\":\"WebPage\",\"@id\":\"https:\\\/\\\/www.hotel-bomonti.de\\\/de\\\/kontakt-kontaktformular-anfrage-nuernberg-fuerth-oberasbach-zirndorf-stein\\\/\",\"url\":\"https:\\\/\\\/www.hotel-bomonti.de\\\/kontakt-kontaktformular-anfrage-nuernberg-fuerth-oberasbach-zirndorf-stein\\\/\",\"name\":\"Kontakt Bomonti Hotels GmbH in Oberasbach bei N\u00fcrnberg\",\"isPartOf\":{\"@id\":\"https:\\\/\\\/www.hotel-bomonti.de\\\/de\\\/#website\"},\"datePublished\":\"2018-12-05T17:50:51+00:00\",\"dateModified\":\"2024-10-08T11:28:28+00:00\",\"description\":\"Stollberger Stra\u00dfe 1 (Ecke Oberasbacher Stra\u00dfe) in 90522 Oberasbach bei N\u00fcrnberg, Deutschland. Tel. +49-911-9996990 | E-Mail info@bomonti-hotels.com\",\"breadcrumb\":{\"@id\":\"https:\\\/\\\/www.hotel-bomonti.de\\\/kontakt-kontaktformular-anfrage-nuernberg-fuerth-oberasbach-zirndorf-stein\\\/#breadcrumb\"},\"inLanguage\":\"de\",\"potentialAction\":[{\"@type\":\"ReadAction\",\"target\":[\"https:\\\/\\\/www.hotel-bomonti.de\\\/kontakt-kontaktformular-anfrage-nuernberg-fuerth-oberasbach-zirndorf-stein\\\/\"]}]},{\"@type\":\"BreadcrumbList\",\"@id\":\"https:\\\/\\\/www.hotel-bomonti.de\\\/kontakt-kontaktformular-anfrage-nuernberg-fuerth-oberasbach-zirndorf-stein\\\/#breadcrumb\",\"itemListElement\":[{\"@type\":\"ListItem\",\"position\":1,\"name\":\"Startseite\",\"item\":\"https:\\\/\\\/www.hotel-bomonti.de\\\/de\\\/\"},{\"@type\":\"ListItem\",\"position\":2,\"name\":\"Kontakt\"}]},{\"@type\":\"WebSite\",\"@id\":\"https:\\\/\\\/www.hotel-bomonti.de\\\/de\\\/#website\",\"url\":\"https:\\\/\\\/www.hotel-bomonti.de\\\/de\\\/\",\"name\":\"Hotel Bomonti\",\"description\":\"N\u00fcrnberg-West\",\"potentialAction\":[{\"@type\":\"SearchAction\",\"target\":{\"@type\":\"EntryPoint\",\"urlTemplate\":\"https:\\\/\\\/www.hotel-bomonti.de\\\/de\\\/?s={search_term_string}\"},\"query-input\":{\"@type\":\"PropertyValueSpecification\",\"valueRequired\":true,\"valueName\":\"search_term_string\"}}],\"inLanguage\":\"de\"}]}<\/script>\n<!-- \/ Yoast SEO plugin. -->","yoast_head_json":{"title":"Kontakt Bomonti Hotels GmbH in Oberasbach bei N\u00fcrnberg","description":"Stollberger Stra\u00dfe 1 (Ecke Oberasbacher Stra\u00dfe) in 90522 Oberasbach bei N\u00fcrnberg, Deutschland. Tel. +49-911-9996990 | E-Mail info@bomonti-hotels.com","robots":{"index":"index","follow":"follow","max-snippet":"max-snippet:-1","max-image-preview":"max-image-preview:large","max-video-preview":"max-video-preview:-1"},"canonical":"https:\/\/www.hotel-bomonti.de\/kontakt-kontaktformular-anfrage-nuernberg-fuerth-oberasbach-zirndorf-stein\/","og_locale":"de_DE","og_type":"article","og_title":"Kontakt Bomonti Hotels GmbH in Oberasbach bei N\u00fcrnberg","og_description":"Stollberger Stra\u00dfe 1 (Ecke Oberasbacher Stra\u00dfe) in 90522 Oberasbach bei N\u00fcrnberg, Deutschland. Tel. +49-911-9996990 | E-Mail info@bomonti-hotels.com","og_url":"https:\/\/www.hotel-bomonti.de\/kontakt-kontaktformular-anfrage-nuernberg-fuerth-oberasbach-zirndorf-stein\/","og_site_name":"Hotel Bomonti","article_modified_time":"2024-10-08T11:28:28+00:00","twitter_card":"summary_large_image","twitter_misc":{"Gesch\u00e4tzte Lesezeit":"1\u00a0Minute"},"schema":{"@context":"https:\/\/schema.org","@graph":[{"@type":"WebPage","@id":"https:\/\/www.hotel-bomonti.de\/de\/kontakt-kontaktformular-anfrage-nuernberg-fuerth-oberasbach-zirndorf-stein\/","url":"https:\/\/www.hotel-bomonti.de\/kontakt-kontaktformular-anfrage-nuernberg-fuerth-oberasbach-zirndorf-stein\/","name":"Kontakt Bomonti Hotels GmbH in Oberasbach bei N\u00fcrnberg","isPartOf":{"@id":"https:\/\/www.hotel-bomonti.de\/de\/#website"},"datePublished":"2018-12-05T17:50:51+00:00","dateModified":"2024-10-08T11:28:28+00:00","description":"Stollberger Stra\u00dfe 1 (Ecke Oberasbacher Stra\u00dfe) in 90522 Oberasbach bei N\u00fcrnberg, Deutschland. Tel. +49-911-9996990 | E-Mail info@bomonti-hotels.com","breadcrumb":{"@id":"https:\/\/www.hotel-bomonti.de\/kontakt-kontaktformular-anfrage-nuernberg-fuerth-oberasbach-zirndorf-stein\/#breadcrumb"},"inLanguage":"de","potentialAction":[{"@type":"ReadAction","target":["https:\/\/www.hotel-bomonti.de\/kontakt-kontaktformular-anfrage-nuernberg-fuerth-oberasbach-zirndorf-stein\/"]}]},{"@type":"BreadcrumbList","@id":"https:\/\/www.hotel-bomonti.de\/kontakt-kontaktformular-anfrage-nuernberg-fuerth-oberasbach-zirndorf-stein\/#breadcrumb","itemListElement":[{"@type":"ListItem","position":1,"name":"Startseite","item":"https:\/\/www.hotel-bomonti.de\/de\/"},{"@type":"ListItem","position":2,"name":"Kontakt"}]},{"@type":"WebSite","@id":"https:\/\/www.hotel-bomonti.de\/de\/#website","url":"https:\/\/www.hotel-bomonti.de\/de\/","name":"Hotel Bomonti","description":"N\u00fcrnberg-West","potentialAction":[{"@type":"SearchAction","target":{"@type":"EntryPoint","urlTemplate":"https:\/\/www.hotel-bomonti.de\/de\/?s={search_term_string}"},"query-input":{"@type":"PropertyValueSpecification","valueRequired":true,"valueName":"search_term_string"}}],"inLanguage":"de"}]}},"builder_content":"\n<h2 style=\"text-align: left;\">Wir h\u00f6ren gerne von Ihnen!<\/h2>\n<p>bomonti Hotel N\u00fcrnberg-West<br>Stollberger Stra\u00dfe 1<br>(Ecke Oberasbacher Stra\u00dfe)<br>90522 Oberasbach bei N\u00fcrnberg, Deutschland<\/p> <p>Tel. +49 (0) 911 99 96 99 0<br>Fax +49 (0) 911 99 96 99 29<\/p> <p>E-Mail: <a href=\"mailto:info@bomonti-hotels.com\">info@bomonti-hotels.com<\/a><\/p> <p><a href=\"https:\/\/api.whatsapp.com\/send?phone=4915752919542\"><img decoding=\"async\" src=\"\/wp-content\/uploads\/whatsApp.png\" width=\"20\"> WhatsApp +49 1575 2919542<\/a><\/p>\n<a href=\"#anfahrt\" > Anfahrt <\/a>\n<a href=\"#kontaktformular\" > Kontaktformular <\/a>\n<p><a href=\"\/impressum\">Impressum<\/a> | <a href=\"\/datenschutz\">Datenschutz<\/a><\/p>\n<h2>Kontaktformular<\/h2> <p>[contact-form-7 id=\"763\" title=\"Kontaktform DE\"]<\/p>\n\n<h2>Anfahrt<\/h2>\n<p style=\"text-align: center;\"><a href=\"https:\/\/www.google.com\/maps\/dir\/\/Hotel+Bomonti+N%C3%BCrnberg-West,+Stollberger+Stra%C3%9Fe+1,+90522+Oberasbach+bei+N%C3%BCrnberg,+Deutschland\/@49.432,10.8860553,12z\/data=!3m1!4b1!4m8!4m7!1m0!1m5!1m1!1s0x479f5464374e625f:0xcc0124de6dab5e21!2m2!1d10.9560949!2d49.4320211\" target=\"_blank\" rel=\"noopener\"><img decoding=\"async\" title=\"F\u00fcr Kartenansicht bitte klicken!\" src=\"\/wp-content\/uploads\/hotel-bomonti-nuernberg-west-map.png\" \/><\/a><\/p> <form action=\"http:\/\/maps.google.com\/maps\" method=\"get\" target=\"_blank\"> <input name=\"saddr\" type=\"text\" placeholder=\"Startadresse\" \/><br \/> <input name=\"daddr\" type=\"hidden\" value=\"Hotel Bomonti N\u00fcrnberg-West, Stollberger Str. 1, 90522 Oberasbach bei N\u00fcrnberg, Deutschland\" \/><button style=\"margin-top: 10px; margin-bottom: 15px;\" type=\"submit\">Routenplanung<\/button> <\/form>\n","_links":{"self":[{"href":"https:\/\/www.hotel-bomonti.de\/de\/wp-json\/wp\/v2\/pages\/920","targetHints":{"allow":["GET"]}}],"collection":[{"href":"https:\/\/www.hotel-bomonti.de\/de\/wp-json\/wp\/v2\/pages"}],"about":[{"href":"https:\/\/www.hotel-bomonti.de\/de\/wp-json\/wp\/v2\/types\/page"}],"author":[{"embeddable":true,"href":"https:\/\/www.hotel-bomonti.de\/de\/wp-json\/wp\/v2\/users\/1"}],"replies":[{"embeddable":true,"href":"https:\/\/www.hotel-bomonti.de\/de\/wp-json\/wp\/v2\/comments?post=920"}],"version-history":[{"count":77,"href":"https:\/\/www.hotel-bomonti.de\/de\/wp-json\/wp\/v2\/pages\/920\/revisions"}],"predecessor-version":[{"id":6972,"href":"https:\/\/www.hotel-bomonti.de\/de\/wp-json\/wp\/v2\/pages\/920\/revisions\/6972"}],"wp:attachment":[{"href":"https:\/\/www.hotel-bomonti.de\/de\/wp-json\/wp\/v2\/media?parent=920"}],"curies":[{"name":"wp","href":"https:\/\/api.w.org\/{rel}","templated":true}]}}