{"id":2198,"date":"2019-02-26T18:07:22","date_gmt":"2019-02-26T18:07:22","guid":{"rendered":"http:\/\/bomonti-hotels.de\/?page_id=2198"},"modified":"2023-11-19T15:07:01","modified_gmt":"2023-11-19T15:07:01","slug":"breakfast-gluten-free-lactose-free-halal-helal-kosher-fuerth-nuremberg","status":"publish","type":"page","link":"https:\/\/www.hotel-bomonti.de\/en\/breakfast-gluten-free-lactose-free-halal-helal-kosher-fuerth-nuremberg\/","title":{"rendered":"Breakfast"},"content":{"rendered":"<!--themify_builder_content-->\n<div id=\"themify_builder_content-2198\" data-postid=\"2198\" class=\"themify_builder_content themify_builder_content-2198 themify_builder tf_clear\">\n                    <div  data-anchor=\"Fr\u00fchst\u00fcck\" data-css_id=\"9aaf54e\" data-lazy=\"1\" class=\"module_row themify_builder_row fullheight fullwidth tb_has_section tb_section-Fr\u00fchst\u00fcck tb_9aaf54e tb_first tf_w\">\n                        <div class=\"row_inner col_align_top gutter-narrow tb_col_count_2 tf_box tf_rel\">\n                        <div  data-lazy=\"1\" class=\"module_column tb-column tb_df0b304 first\">\n                    <!-- module text -->\n<div  class=\"module module-text tb_e8edc41  repeat \" data-lazy=\"1\">\n        <div  class=\"tb_text_wrap\">\n        <h2 style=\"color: #cc0099; font-size: 1.6em; margin-bottom: 5%;\">A great breakfast is a really good start into the day!<\/h2>\n<p>We welcome you with fresh, aromatic coffee- and tea specialities and offer an excellent varied breakfastbuffet which leaves nothing to be desired. On request we will gladly pack your breakfast also as lunch box to go.<\/p>\n<p>We attach great importance to regional products and products from organic farming.<\/p>\n<p>Our breakfast offers a wide choice of regional baked goods and different kinds of sausages and cheese. Delicious yogurts as well as fresh fruits and vegetables from the Franconian \u201cKnoblauchsland\u201d ensure a good start of the day.<\/p>    <\/div>\n<\/div>\n<!-- \/module text -->        <\/div>\n                    <div  data-lazy=\"1\" class=\"module_column tb-column tb_bc1e35f last\">\n                            <\/div>\n                        <\/div>\n        <\/div>\n                        <div  data-anchor=\"Highlights\" data-css_id=\"ic57333\" data-lazy=\"1\" class=\"module_row themify_builder_row fullheight fullwidth tb_has_section tb_section-Highlights tb_ic57333 tf_w\">\n                        <div class=\"row_inner col_align_top gutter-narrow tb_col_count_2 tf_box tf_rel\">\n                        <div  data-lazy=\"1\" class=\"module_column tb-column tb_ecj5330 first\">\n                    <!-- module text -->\n<div  class=\"module module-text tb_tebo434  repeat \" data-lazy=\"1\">\n        <div  class=\"tb_text_wrap\">\n        <p>\u00a0<\/p>\n<p><strong>Highlights:<\/strong><br \/>&#8211; fresh rolls and bread from the Bakery Pillipp<br \/>&#8211; Sausage products from the butcher<br \/>&#8211; Eggs from the farm Zeilinger from Siedelbach<br \/>&#8211; Honey from the apiary Hilmer from Oberasbach<br \/>&#8211; Organic and Fairtrade coffee, espresso and tea<\/p>\n<p><strong>Allergy-sufferer breakfast<\/strong><br \/>Allergy sufferers enjoy lactose-free milk and gluten-free rolls.<\/p>\n<p><strong>Kosher-breakfast<\/strong><br \/>We offer kosher breakfast for jewish guests.<\/p>\n<p><strong>Halal-Food<\/strong><br \/>Guests with certain preferences have the opportunity for a Halal breakfast without pork and alcohol.<\/p>\n<p>Please inform us about your wishes upon reservation.<\/p>    <\/div>\n<\/div>\n<!-- \/module text -->        <\/div>\n                    <div  data-lazy=\"1\" class=\"module_column tb-column tb_t7s2040 last\">\n                            <\/div>\n                        <\/div>\n        <\/div>\n                        <div  data-anchor=\"brot\" data-css_id=\"5f9cfa2\" data-lazy=\"1\" class=\"module_row themify_builder_row fullheight fullwidth tb_has_section tb_section-brot tb_5f9cfa2 tf_w\">\n                        <div class=\"row_inner col_align_top gutter-narrow tb_col_count_2 tf_box tf_rel\">\n                        <div  data-lazy=\"1\" class=\"module_column tb-column col4-2 tb_6854789 first\">\n                    <!-- module fancy heading -->\n<div  class=\"module module-fancy-heading tb_d6d8b4a \" data-lazy=\"1\">\n        <h2 class=\"fancy-heading tf_textl\">\n    <span class=\"main-head tf_block\">\n                    Bread from the regional bakery            <\/span>\n\n    \n    <span class=\"sub-head tf_block tf_rel\">\n                                <\/span>\n    <\/h2>\n<\/div>\n<!-- \/module fancy heading -->\n<!-- module text -->\n<div  class=\"module module-text tb_5ef0f4b  repeat \" data-lazy=\"1\">\n        <div  class=\"tb_text_wrap\">\n        <p>You will directly taste the difference to common hotel baked goods!<\/p>\n<p>The Bakery Pillipp delivers fresh rolls and bread for our guests every day.<\/p>\n<p>The family business from Zirndorf has been run by the 2nd generation since 1953. The master baker relies on the art of baking and fresh and natural ingredients from regional suppliers.<\/p>    <\/div>\n<\/div>\n<!-- \/module text -->        <\/div>\n                    <div  data-lazy=\"1\" class=\"module_column tb-column col4-2 tb_f6a8bd9 last\">\n                            <\/div>\n                        <\/div>\n        <\/div>\n                        <div  data-anchor=\"eier\" data-css_id=\"478877a\" data-lazy=\"1\" class=\"module_row themify_builder_row fullheight fullwidth tb_has_section tb_section-eier tb_478877a tf_w\">\n                        <div class=\"row_inner col_align_top gutter-narrow tb_col_count_2 tf_box tf_rel\">\n                        <div  data-lazy=\"1\" class=\"module_column tb-column col4-2 tb_1b01d4e first\">\n                    <!-- module fancy heading -->\n<div  class=\"module module-fancy-heading tb_a2a4843 \" data-lazy=\"1\">\n        <h2 class=\"fancy-heading tf_textl\">\n    <span class=\"main-head tf_block\">\n                    Eggs from the farm            <\/span>\n\n    \n    <span class=\"sub-head tf_block tf_rel\">\n                                <\/span>\n    <\/h2>\n<\/div>\n<!-- \/module fancy heading -->\n<!-- module text -->\n<div  class=\"module module-text tb_dba1569  repeat \" data-lazy=\"1\">\n        <div  class=\"tb_text_wrap\">\n        <p>We support organic farmers from the region and guarantee daily fresh products for you, dear guests.<\/p>\n<p>Our eggs are fresh from happy hens from the family farm Zeilinger from Markt Erlbach.<\/p>\n<p>The perfect keepin of the animals and a careful selection of the animal feed guarantee a consitantly high quality.<\/p>    <\/div>\n<\/div>\n<!-- \/module text -->        <\/div>\n                    <div  data-lazy=\"1\" class=\"module_column tb-column col4-2 tb_b338471 last\">\n                            <\/div>\n                        <\/div>\n        <\/div>\n                        <div  data-anchor=\"fair-trade\" data-css_id=\"d663c02\" data-lazy=\"1\" class=\"module_row themify_builder_row fullheight fullwidth tb_has_section tb_section-fair-trade tb_d663c02 tf_w\">\n                        <div class=\"row_inner col_align_top gutter-narrow tb_col_count_2 tf_box tf_rel\">\n                        <div  data-lazy=\"1\" class=\"module_column tb-column col4-2 tb_20a3f1a first\">\n                    <!-- module fancy heading -->\n<div  class=\"module module-fancy-heading tb_0d55787 \" data-lazy=\"1\">\n        <h2 class=\"fancy-heading tf_textl\">\n    <span class=\"main-head tf_block\">\n                    Fairtrade            <\/span>\n\n    \n    <span class=\"sub-head tf_block tf_rel\">\n                                <\/span>\n    <\/h2>\n<\/div>\n<!-- \/module fancy heading -->\n<!-- module text -->\n<div  class=\"module module-text tb_4c586da  repeat \" data-lazy=\"1\">\n        <div  class=\"tb_text_wrap\">\n        <p>In addition to the regional specialties from our Franconian homeland, we also offer supraregional Fairtrade products, which we obtain from certified companies for you.<\/p>\n<p>The coffee, which we serve for breakfast and in our lobby, is optained only from suppliers who guarantee &#8220;Fairtrade&#8221;.<\/p>    <\/div>\n<\/div>\n<!-- \/module text -->        <\/div>\n                    <div  data-lazy=\"1\" class=\"module_column tb-column col4-2 tb_d7d2d4d last\">\n                            <\/div>\n                        <\/div>\n        <\/div>\n                        <div  data-parallax-bg=\"desktop\" data-anchor=\"Fr\u00fchst\u00fccksb\u00fcffet\" data-lazy=\"1\" class=\"module_row themify_builder_row tb_has_section tb_section-Fr\u00fchst\u00fccksb\u00fcffet tb_6e6c542 tf_w\">\n            <span  class=\"builder_row_cover tf_abs\" data-lazy=\"1\"><\/span>            <div class=\"row_inner col_align_top tb_col_count_1 tf_box tf_rel\">\n                        <div  data-lazy=\"1\" class=\"module_column tb-column col-full tb_128844c first\">\n                    <!-- module fancy heading -->\n<div  class=\"module module-fancy-heading tb_5fe864f \" data-lazy=\"1\">\n        <h2 class=\"fancy-heading tf_textc\">\n    <span class=\"main-head tf_block\">\n                    Breakfast            <\/span>\n\n    \n    <span class=\"sub-head tf_block tf_rel\">\n                                <\/span>\n    <\/h2>\n<\/div>\n<!-- \/module fancy heading -->\n        <div  data-lazy=\"1\" class=\"module_subrow themify_builder_sub_row tf_w col_align_top tb_col_count_3 tb_4a8f600\">\n                <div  data-lazy=\"1\" class=\"module_column sub_column col3-1 tb_689e450 first\">\n                            <\/div>\n                    <div  data-lazy=\"1\" class=\"module_column sub_column col3-1 tb_a026acf\">\n                    <!-- module text -->\n<div  class=\"module module-text tb_8328186  repeat \" data-lazy=\"1\">\n        <div  class=\"tb_text_wrap\">\n        <p>Our breakfast times:<\/p>\n<p>Our breakfast starts daily at 6:00 a.m. and at 10 a.m. our breakfast area closes.<\/p>\n<p>*\u00a0 *\u00a0 *<\/p>\n<p>We are not offering our dominical late riser breakfast from 10:30 a.m. until 1:00 p.m. for out-external guests anymore due to urgent staff shortage and the ever rising prices.<\/p>\n<p>We apologize for the inconvenice.<\/p>\n<p>Thank you very much.<\/p>    <\/div>\n<\/div>\n<!-- \/module text -->        <\/div>\n                    <div  data-lazy=\"1\" class=\"module_column sub_column col3-1 tb_4f208b5 last\">\n                            <\/div>\n                    <\/div>\n                <\/div>\n                        <\/div>\n        <\/div>\n        <\/div>\n<!--\/themify_builder_content-->","protected":false},"excerpt":{"rendered":"<p>A great breakfast is a really good start into the day! We welcome you with fresh, aromatic coffee- and tea specialities and offer an excellent varied breakfastbuffet which leaves nothing to be desired. On request we will gladly pack your breakfast also as lunch box to go. We attach great importance to regional products and [&hellip;]<\/p>\n","protected":false},"author":1,"featured_media":0,"parent":0,"menu_order":0,"comment_status":"closed","ping_status":"closed","template":"","meta":{"footnotes":""},"class_list":["post-2198","page","type-page","status-publish","hentry","has-post-title","has-post-date","has-post-category","has-post-tag","has-post-comment","has-post-author",""],"yoast_head":"<!-- This site is optimized with the Yoast SEO plugin v27.3 - https:\/\/yoast.com\/product\/yoast-seo-wordpress\/ -->\n<title>Breakfast - Hotel Bomonti<\/title>\n<meta name=\"robots\" content=\"index, follow, max-snippet:-1, max-image-preview:large, max-video-preview:-1\" \/>\n<link rel=\"canonical\" href=\"https:\/\/www.hotel-bomonti.de\/en\/breakfast-gluten-free-lactose-free-halal-helal-kosher-fuerth-nuremberg\/\" \/>\n<meta property=\"og:locale\" content=\"en_US\" \/>\n<meta property=\"og:type\" content=\"article\" \/>\n<meta property=\"og:title\" content=\"Breakfast - Hotel Bomonti\" \/>\n<meta property=\"og:description\" content=\"A great breakfast is a really good start into the day! We welcome you with fresh, aromatic coffee- and tea specialities and offer an excellent varied breakfastbuffet which leaves nothing to be desired. On request we will gladly pack your breakfast also as lunch box to go. We attach great importance to regional products and [&hellip;]\" \/>\n<meta property=\"og:url\" content=\"https:\/\/www.hotel-bomonti.de\/en\/breakfast-gluten-free-lactose-free-halal-helal-kosher-fuerth-nuremberg\/\" \/>\n<meta property=\"og:site_name\" content=\"Hotel Bomonti\" \/>\n<meta property=\"article:modified_time\" content=\"2023-11-19T15:07:01+00:00\" \/>\n<meta name=\"twitter:card\" content=\"summary_large_image\" \/>\n<script type=\"application\/ld+json\" class=\"yoast-schema-graph\">{\"@context\":\"https:\\\/\\\/schema.org\",\"@graph\":[{\"@type\":\"WebPage\",\"@id\":\"https:\\\/\\\/www.hotel-bomonti.de\\\/en\\\/breakfast-gluten-free-lactose-free-halal-helal-kosher-fuerth-nuremberg\\\/\",\"url\":\"https:\\\/\\\/www.hotel-bomonti.de\\\/en\\\/breakfast-gluten-free-lactose-free-halal-helal-kosher-fuerth-nuremberg\\\/\",\"name\":\"Breakfast - Hotel Bomonti\",\"isPartOf\":{\"@id\":\"https:\\\/\\\/www.hotel-bomonti.de\\\/de\\\/#website\"},\"datePublished\":\"2019-02-26T18:07:22+00:00\",\"dateModified\":\"2023-11-19T15:07:01+00:00\",\"breadcrumb\":{\"@id\":\"https:\\\/\\\/www.hotel-bomonti.de\\\/en\\\/breakfast-gluten-free-lactose-free-halal-helal-kosher-fuerth-nuremberg\\\/#breadcrumb\"},\"inLanguage\":\"en-US\",\"potentialAction\":[{\"@type\":\"ReadAction\",\"target\":[\"https:\\\/\\\/www.hotel-bomonti.de\\\/en\\\/breakfast-gluten-free-lactose-free-halal-helal-kosher-fuerth-nuremberg\\\/\"]}]},{\"@type\":\"BreadcrumbList\",\"@id\":\"https:\\\/\\\/www.hotel-bomonti.de\\\/en\\\/breakfast-gluten-free-lactose-free-halal-helal-kosher-fuerth-nuremberg\\\/#breadcrumb\",\"itemListElement\":[{\"@type\":\"ListItem\",\"position\":1,\"name\":\"Startseite\",\"item\":\"https:\\\/\\\/www.hotel-bomonti.de\\\/en\\\/\"},{\"@type\":\"ListItem\",\"position\":2,\"name\":\"Breakfast\"}]},{\"@type\":\"WebSite\",\"@id\":\"https:\\\/\\\/www.hotel-bomonti.de\\\/de\\\/#website\",\"url\":\"https:\\\/\\\/www.hotel-bomonti.de\\\/de\\\/\",\"name\":\"Hotel Bomonti\",\"description\":\"N\u00fcrnberg-West\",\"potentialAction\":[{\"@type\":\"SearchAction\",\"target\":{\"@type\":\"EntryPoint\",\"urlTemplate\":\"https:\\\/\\\/www.hotel-bomonti.de\\\/de\\\/?s={search_term_string}\"},\"query-input\":{\"@type\":\"PropertyValueSpecification\",\"valueRequired\":true,\"valueName\":\"search_term_string\"}}],\"inLanguage\":\"en-US\"}]}<\/script>\n<!-- \/ Yoast SEO plugin. -->","yoast_head_json":{"title":"Breakfast - Hotel Bomonti","robots":{"index":"index","follow":"follow","max-snippet":"max-snippet:-1","max-image-preview":"max-image-preview:large","max-video-preview":"max-video-preview:-1"},"canonical":"https:\/\/www.hotel-bomonti.de\/en\/breakfast-gluten-free-lactose-free-halal-helal-kosher-fuerth-nuremberg\/","og_locale":"en_US","og_type":"article","og_title":"Breakfast - Hotel Bomonti","og_description":"A great breakfast is a really good start into the day! We welcome you with fresh, aromatic coffee- and tea specialities and offer an excellent varied breakfastbuffet which leaves nothing to be desired. On request we will gladly pack your breakfast also as lunch box to go. We attach great importance to regional products and [&hellip;]","og_url":"https:\/\/www.hotel-bomonti.de\/en\/breakfast-gluten-free-lactose-free-halal-helal-kosher-fuerth-nuremberg\/","og_site_name":"Hotel Bomonti","article_modified_time":"2023-11-19T15:07:01+00:00","twitter_card":"summary_large_image","schema":{"@context":"https:\/\/schema.org","@graph":[{"@type":"WebPage","@id":"https:\/\/www.hotel-bomonti.de\/en\/breakfast-gluten-free-lactose-free-halal-helal-kosher-fuerth-nuremberg\/","url":"https:\/\/www.hotel-bomonti.de\/en\/breakfast-gluten-free-lactose-free-halal-helal-kosher-fuerth-nuremberg\/","name":"Breakfast - Hotel Bomonti","isPartOf":{"@id":"https:\/\/www.hotel-bomonti.de\/de\/#website"},"datePublished":"2019-02-26T18:07:22+00:00","dateModified":"2023-11-19T15:07:01+00:00","breadcrumb":{"@id":"https:\/\/www.hotel-bomonti.de\/en\/breakfast-gluten-free-lactose-free-halal-helal-kosher-fuerth-nuremberg\/#breadcrumb"},"inLanguage":"en-US","potentialAction":[{"@type":"ReadAction","target":["https:\/\/www.hotel-bomonti.de\/en\/breakfast-gluten-free-lactose-free-halal-helal-kosher-fuerth-nuremberg\/"]}]},{"@type":"BreadcrumbList","@id":"https:\/\/www.hotel-bomonti.de\/en\/breakfast-gluten-free-lactose-free-halal-helal-kosher-fuerth-nuremberg\/#breadcrumb","itemListElement":[{"@type":"ListItem","position":1,"name":"Startseite","item":"https:\/\/www.hotel-bomonti.de\/en\/"},{"@type":"ListItem","position":2,"name":"Breakfast"}]},{"@type":"WebSite","@id":"https:\/\/www.hotel-bomonti.de\/de\/#website","url":"https:\/\/www.hotel-bomonti.de\/de\/","name":"Hotel Bomonti","description":"N\u00fcrnberg-West","potentialAction":[{"@type":"SearchAction","target":{"@type":"EntryPoint","urlTemplate":"https:\/\/www.hotel-bomonti.de\/de\/?s={search_term_string}"},"query-input":{"@type":"PropertyValueSpecification","valueRequired":true,"valueName":"search_term_string"}}],"inLanguage":"en-US"}]}},"builder_content":"<h2 style=\"color: #cc0099; font-size: 1.6em; margin-bottom: 5%;\">A great breakfast is a really good start into the day!<\/h2> <p>We welcome you with fresh, aromatic coffee- and tea specialities and offer an excellent varied breakfastbuffet which leaves nothing to be desired. On request we will gladly pack your breakfast also as lunch box to go.<\/p> <p>We attach great importance to regional products and products from organic farming.<\/p> <p>Our breakfast offers a wide choice of regional baked goods and different kinds of sausages and cheese. Delicious yogurts as well as fresh fruits and vegetables from the Franconian \u201cKnoblauchsland\u201d ensure a good start of the day.<\/p>\n<p>\u00a0<\/p> <p><strong>Highlights:<\/strong><br \/>- fresh rolls and bread from the Bakery Pillipp<br \/>- Sausage products from the butcher<br \/>- Eggs from the farm Zeilinger from Siedelbach<br \/>- Honey from the apiary Hilmer from Oberasbach<br \/>- Organic and Fairtrade coffee, espresso and tea<\/p> <p><strong>Allergy-sufferer breakfast<\/strong><br \/>Allergy sufferers enjoy lactose-free milk and gluten-free rolls.<\/p> <p><strong>Kosher-breakfast<\/strong><br \/>We offer kosher breakfast for jewish guests.<\/p> <p><strong>Halal-Food<\/strong><br \/>Guests with certain preferences have the opportunity for a Halal breakfast without pork and alcohol.<\/p> <p>Please inform us about your wishes upon reservation.<\/p>\n<h2>Bread from the regional bakery<br\/><\/h2>\n<p>You will directly taste the difference to common hotel baked goods!<\/p> <p>The Bakery Pillipp delivers fresh rolls and bread for our guests every day.<\/p> <p>The family business from Zirndorf has been run by the 2nd generation since 1953. The master baker relies on the art of baking and fresh and natural ingredients from regional suppliers.<\/p>\n<h2>Eggs from the farm<br\/><\/h2>\n<p>We support organic farmers from the region and guarantee daily fresh products for you, dear guests.<\/p> <p>Our eggs are fresh from happy hens from the family farm Zeilinger from Markt Erlbach.<\/p> <p>The perfect keepin of the animals and a careful selection of the animal feed guarantee a consitantly high quality.<\/p>\n<h2>Fairtrade<br\/><\/h2>\n<p>In addition to the regional specialties from our Franconian homeland, we also offer supraregional Fairtrade products, which we obtain from certified companies for you.<\/p> <p>The coffee, which we serve for breakfast and in our lobby, is optained only from suppliers who guarantee \"Fairtrade\".<\/p>\n<h2>Breakfast<br\/><\/h2>\n<p>Our breakfast times:<\/p> <p>Our breakfast starts daily at 6:00 a.m. and at 10 a.m. our breakfast area closes.<\/p> <p>*\u00a0 *\u00a0 *<\/p> <p>We are not offering our dominical late riser breakfast from 10:30 a.m. until 1:00 p.m. for out-external guests anymore due to urgent staff shortage and the ever rising prices.<\/p> <p>We apologize for the inconvenice.<\/p> <p>Thank you very much.<\/p>","_links":{"self":[{"href":"https:\/\/www.hotel-bomonti.de\/en\/wp-json\/wp\/v2\/pages\/2198","targetHints":{"allow":["GET"]}}],"collection":[{"href":"https:\/\/www.hotel-bomonti.de\/en\/wp-json\/wp\/v2\/pages"}],"about":[{"href":"https:\/\/www.hotel-bomonti.de\/en\/wp-json\/wp\/v2\/types\/page"}],"author":[{"embeddable":true,"href":"https:\/\/www.hotel-bomonti.de\/en\/wp-json\/wp\/v2\/users\/1"}],"replies":[{"embeddable":true,"href":"https:\/\/www.hotel-bomonti.de\/en\/wp-json\/wp\/v2\/comments?post=2198"}],"version-history":[{"count":70,"href":"https:\/\/www.hotel-bomonti.de\/en\/wp-json\/wp\/v2\/pages\/2198\/revisions"}],"predecessor-version":[{"id":6891,"href":"https:\/\/www.hotel-bomonti.de\/en\/wp-json\/wp\/v2\/pages\/2198\/revisions\/6891"}],"wp:attachment":[{"href":"https:\/\/www.hotel-bomonti.de\/en\/wp-json\/wp\/v2\/media?parent=2198"}],"curies":[{"name":"wp","href":"https:\/\/api.w.org\/{rel}","templated":true}]}}